{"id":84,"date":"2021-11-05T07:35:22","date_gmt":"2021-11-05T07:35:22","guid":{"rendered":"https:\/\/batastal.pl\/?post_type=product&#038;p=84"},"modified":"2021-12-22T19:51:35","modified_gmt":"2021-12-22T19:51:35","slug":"grill","status":"publish","type":"product","link":"https:\/\/batastal.pl\/en\/product\/grill\/","title":{"rendered":"Grill"},"content":{"rendered":"<p>Grill wolnostoj\u0105cy na tr\u00f3jnogu z mo\u017cliwo\u015bci\u0105 regulowania wysoko\u015bci z dodatkowym podwieszanym paleniskiem umieszczonym pod rusztem.<\/p>\n<p><strong>Konstrukcja:<\/strong><\/p>\n<ul>\n<li>nogi wykonane z rury stalowej,<\/li>\n<li>konstrukcja malowana proszkowo (malowanie podk\u0142ad + warstwa nawierzchniowa),<\/li>\n<li>ruszt wykonany z pr\u0119t\u00f3w stalowych, ca\u0142o\u015b\u0107 chromowana (zabezpieczenie przed kontaktem jedzenia z surowym materia\u0142em),<\/li>\n<li>palenisko stalowe, malowane farb\u0105 \u017caroodporn\u0105.<\/li>\n<li>Wymiary: wysoko\u015b\u0107 konstrukcji ~170cm, \u015brednica rusztu 47cm, \u015brednica paleniska 50cm<\/li>\n<\/ul>","protected":false},"excerpt":{"rendered":"<p>Grill wolnostoj\u0105cy na tr\u00f3jnogu z mo\u017cliwo\u015bci\u0105 regulowania wysoko\u015bci z dodatkowym podwieszanym paleniskiem umieszczonym pod rusztem.<\/p>","protected":false},"featured_media":275,"template":"","meta":[],"product_cat":[19],"product_tag":[44,39],"yst_prominent_words":[],"yoast_head":"<!-- This site is optimized with the Yoast SEO Premium plugin v14.1 - https:\/\/yoast.com\/wordpress\/plugins\/seo\/ -->\n<title>Grill - BataStal<\/title>\n<meta name=\"description\" content=\"Batastal - Producent rozwi\u0105za\u0144 dla Logistyki, Ogrodnictwa i Rolnictwa. Nasza firma zasta\u0142a za\u0142o\u017cona na bazie pasji i szerokim do\u015bwiadczeniu w bran\u017cy konstrukcji metalowych. W sk\u0142ad naszych us\u0142ug wchodz\u0105 takie procesy jak wiercenie, ci\u0119cie, gi\u0119cie, malowanie czy te\u017c wiercenie.\" \/>\n<meta name=\"robots\" content=\"index, follow\" \/>\n<meta name=\"googlebot\" content=\"index, follow, max-snippet:-1, max-image-preview:large, max-video-preview:-1\" \/>\n<meta name=\"bingbot\" content=\"index, follow, max-snippet:-1, max-image-preview:large, max-video-preview:-1\" \/>\n<link rel=\"canonical\" href=\"https:\/\/batastal.pl\/en\/product\/ogrodnictwo\/grill\/\" \/>\n<meta property=\"og:locale\" content=\"en_GB\" \/>\n<meta property=\"og:type\" content=\"article\" \/>\n<meta property=\"og:title\" content=\"Grill - BataStal\" \/>\n<meta property=\"og:description\" content=\"Batastal - Producent rozwi\u0105za\u0144 dla Logistyki, Ogrodnictwa i Rolnictwa. Nasza firma zasta\u0142a za\u0142o\u017cona na bazie pasji i szerokim do\u015bwiadczeniu w bran\u017cy konstrukcji metalowych. W sk\u0142ad naszych us\u0142ug wchodz\u0105 takie procesy jak wiercenie, ci\u0119cie, gi\u0119cie, malowanie czy te\u017c wiercenie.\" \/>\n<meta property=\"og:url\" content=\"https:\/\/batastal.pl\/en\/product\/ogrodnictwo\/grill\/\" \/>\n<meta property=\"og:site_name\" content=\"BataStal\" \/>\n<meta property=\"article:modified_time\" content=\"2021-12-22T19:51:35+00:00\" \/>\n<meta property=\"og:image\" content=\"https:\/\/batastal.pl\/wp-content\/uploads\/2021\/11\/Grill-Meble-Ogrodowe-Ogrodnictwo-Batastal-3.jpg\" \/>\n\t<meta property=\"og:image:width\" content=\"1300\" \/>\n\t<meta property=\"og:image:height\" content=\"1275\" \/>\n<meta name=\"twitter:card\" content=\"summary_large_image\" \/>\n<script type=\"application\/ld+json\" class=\"yoast-schema-graph\">{\"@context\":\"https:\/\/schema.org\",\"@graph\":[{\"@type\":\"Organization\",\"@id\":\"https:\/\/batastal.pl\/en\/#organization\",\"name\":\"BataStal\",\"url\":\"https:\/\/batastal.pl\/en\/\",\"sameAs\":[],\"logo\":{\"@type\":\"ImageObject\",\"@id\":\"https:\/\/batastal.pl\/en\/#logo\",\"inLanguage\":\"en-GB\",\"url\":\"https:\/\/batastal.pl\/wp-content\/uploads\/2022\/06\/Logo-BataStal-Final.jpg\",\"width\":1200,\"height\":514,\"caption\":\"BataStal\"},\"image\":{\"@id\":\"https:\/\/batastal.pl\/en\/#logo\"}},{\"@type\":\"WebSite\",\"@id\":\"https:\/\/batastal.pl\/en\/#website\",\"url\":\"https:\/\/batastal.pl\/en\/\",\"name\":\"BataStal\",\"description\":\"Producent rozwi\\u0105za\\u0144 dla Logistyki, Ogrodnictwa, Rolnictwa\",\"publisher\":{\"@id\":\"https:\/\/batastal.pl\/en\/#organization\"},\"potentialAction\":[{\"@type\":\"SearchAction\",\"target\":\"https:\/\/batastal.pl\/en\/?s={search_term_string}\",\"query-input\":\"required name=search_term_string\"}],\"inLanguage\":\"en-GB\"},{\"@type\":\"ImageObject\",\"@id\":\"https:\/\/batastal.pl\/produkt\/ogrodnictwo\/grill\/#primaryimage\",\"inLanguage\":\"en-GB\",\"url\":\"https:\/\/batastal.pl\/wp-content\/uploads\/2021\/11\/Grill-Meble-Ogrodowe-Ogrodnictwo-Batastal-3.jpg\",\"width\":1300,\"height\":1275,\"caption\":\"Grill, Ogrodnictwo, Meble Ogrodowe, Batastal\"},{\"@type\":\"WebPage\",\"@id\":\"https:\/\/batastal.pl\/produkt\/ogrodnictwo\/grill\/#webpage\",\"url\":\"https:\/\/batastal.pl\/produkt\/ogrodnictwo\/grill\/\",\"name\":\"Grill - BataStal\",\"isPartOf\":{\"@id\":\"https:\/\/batastal.pl\/en\/#website\"},\"primaryImageOfPage\":{\"@id\":\"https:\/\/batastal.pl\/produkt\/ogrodnictwo\/grill\/#primaryimage\"},\"datePublished\":\"2021-11-05T07:35:22+00:00\",\"dateModified\":\"2021-12-22T19:51:35+00:00\",\"description\":\"Batastal - Producent rozwi\\u0105za\\u0144 dla Logistyki, Ogrodnictwa i Rolnictwa. Nasza firma zasta\\u0142a za\\u0142o\\u017cona na bazie pasji i szerokim do\\u015bwiadczeniu w bran\\u017cy konstrukcji metalowych. W sk\\u0142ad naszych us\\u0142ug wchodz\\u0105 takie procesy jak wiercenie, ci\\u0119cie, gi\\u0119cie, malowanie czy te\\u017c wiercenie.\",\"inLanguage\":\"en-GB\",\"potentialAction\":[{\"@type\":\"ReadAction\",\"target\":[\"https:\/\/batastal.pl\/produkt\/ogrodnictwo\/grill\/\"]}]}]}<\/script>\n<!-- \/ Yoast SEO Premium plugin. -->","_links":{"self":[{"href":"https:\/\/batastal.pl\/en\/wp-json\/wp\/v2\/product\/84"}],"collection":[{"href":"https:\/\/batastal.pl\/en\/wp-json\/wp\/v2\/product"}],"about":[{"href":"https:\/\/batastal.pl\/en\/wp-json\/wp\/v2\/types\/product"}],"wp:featuredmedia":[{"embeddable":true,"href":"https:\/\/batastal.pl\/en\/wp-json\/wp\/v2\/media\/275"}],"wp:attachment":[{"href":"https:\/\/batastal.pl\/en\/wp-json\/wp\/v2\/media?parent=84"}],"wp:term":[{"taxonomy":"product_cat","embeddable":true,"href":"https:\/\/batastal.pl\/en\/wp-json\/wp\/v2\/product_cat?post=84"},{"taxonomy":"product_tag","embeddable":true,"href":"https:\/\/batastal.pl\/en\/wp-json\/wp\/v2\/product_tag?post=84"},{"taxonomy":"yst_prominent_words","embeddable":true,"href":"https:\/\/batastal.pl\/en\/wp-json\/wp\/v2\/yst_prominent_words?post=84"}],"curies":[{"name":"wp","href":"https:\/\/api.w.org\/{rel}","templated":true}]}}