{"id":320,"date":"2022-01-24T20:15:47","date_gmt":"2022-01-24T20:15:47","guid":{"rendered":"https:\/\/batastal.pl\/?post_type=product&#038;p=320"},"modified":"2022-09-09T12:46:54","modified_gmt":"2022-09-09T12:46:54","slug":"kosz-ks500","status":"publish","type":"product","link":"https:\/\/batastal.pl\/en\/product\/ks500-basket\/","title":{"rendered":"KS500 Basket"},"content":{"rendered":"<div class=\"vc_row wpb_row row\"><div class=\"vc_column_container col-md-12\"><div class=\"wpb_wrapper vc_column-inner\">\n\t<div class=\"wpb_raw_code wpb_content_element wpb_raw_html\" >\n\t\t<div class=\"wpb_wrapper\">\n\t\t\t<style type=\"text\/css\">\n.tg  {border-collapse:collapse;border-spacing:0;}\n.tg td{border-color:black;border-style:solid;border-width:1px;font-family:Arial, sans-serif;font-size:14px;\n  overflow:hidden;padding:10px 5px;word-break:normal;}\n.tg th{border-color:black;border-style:solid;border-width:1px;font-family:Arial, sans-serif;font-size:14px;\n  font-weight:normal;overflow:hidden;padding:10px 5px;word-break:normal;}\n.tg .tg-mfvx{background-color:#dedede;border-color:#ffffff;color:#343434;text-align:left;vertical-align:top}\n<\/style>\n<table class=\"tg\">\n<thead>\n  <tr>\n    <th class=\"tg-mfvx\">External dimensions L x W x H<\/th>\n    <th class=\"tg-mfvx\">1200 x 800 x 830<\/th>\n  <\/tr>\n<\/thead>\n<tbody>\n  <tr>\n    <td class=\"tg-mfvx\">Internal dimensions L x W x H<\/td>\n    <td class=\"tg-mfvx\">1092 x 682 x 788<\/td>\n  <\/tr>\n  <tr>\n    <td class=\"tg-mfvx\">Weight<\/td>\n    <td class=\"tg-mfvx\">56kg<\/td>\n  <\/tr>\n  <tr>\n    <td class=\"tg-mfvx\">Load Capacity<\/td>\n    <td class=\"tg-mfvx\">500kg<\/td>\n  <\/tr>\n  <tr>\n    <td class=\"tg-mfvx\">Mesh<\/td>\n    <td class=\"tg-mfvx\">40x40<\/td>\n  <\/tr>\n  <tr>\n    <td class=\"tg-mfvx\">Storage height<\/td>\n    <td class=\"tg-mfvx\">4 pcs<\/td>\n  <\/tr>\n  <tr>\n    <td class=\"tg-mfvx\">Foldable<\/td>\n    <td class=\"tg-mfvx\">YES<\/td>\n  <\/tr>\n<\/tbody>\n<\/table>\n\t\t<\/div>\n\t<\/div>\n<\/div><\/div><\/div><div class=\"vc_row wpb_row row\"><div class=\"vc_column_container col-md-12\"><div class=\"wpb_wrapper vc_column-inner\">\n\t<div class=\"wpb_single_image wpb_content_element vc_align_center\">\n\t\t<div class=\"wpb_wrapper\">\n\t\t\t\n\t\t\t<a class=\"prettyphoto\" data-rel=\"prettyPhoto[rel-320-1400714543]\" href=\"https:\/\/batastal.pl\/wp-content\/uploads\/2021\/11\/Kosz-1-1024x538.jpg\" target=\"_self\"><div class=\"vc_single_image-wrapper vc_box_outline  vc_box_border_grey\"><img width=\"1024\" height=\"538\" src=\"https:\/\/batastal.pl\/wp-content\/uploads\/2021\/11\/Kosz-1-1024x538.jpg\" class=\"vc_single_image-img attachment-large\" alt=\"Kosz rysunek techniczny metalurgia, spawanie, batastal.pl\" loading=\"lazy\" srcset=\"https:\/\/batastal.pl\/wp-content\/uploads\/2021\/11\/Kosz-1-1024x538.jpg 1024w, https:\/\/batastal.pl\/wp-content\/uploads\/2021\/11\/Kosz-1-768x404.jpg 768w, https:\/\/batastal.pl\/wp-content\/uploads\/2021\/11\/Kosz-1-640x337.jpg 640w, https:\/\/batastal.pl\/wp-content\/uploads\/2021\/11\/Kosz-1-400x210.jpg 400w, https:\/\/batastal.pl\/wp-content\/uploads\/2021\/11\/Kosz-1-367x193.jpg 367w\" sizes=\"(max-width: 1024px) 100vw, 1024px\" \/><\/div><\/a>\n\t\t<\/div>\n\t<\/div>\n<\/div><\/div><\/div>","protected":false},"excerpt":{"rendered":"<p>Kosz transportowo-magazynowy KS500 o wymiarach standardowej europalety. Kosz w ca\u0142o\u015bci wykonany z metalu co umo\u017cliwia sk\u0142adowanie kosza wewn\u0105trz jak i na zewn\u0105trz magazynu. Sk\u0142adane boki umo\u017cliwiaj\u0105 znacznie ograniczy\u0107 i zaoszcz\u0119dzi\u0107 przestrze\u0144 magazynow\u0105 w por\u00f3wnaniu do tradycyjnych koszy metalowych. Mo\u017cliwo\u015b\u0107 czterokondygnacyjnego sk\u0142adowania pozwala optymalizowa\u0107 procesy logistyczne. Dodatkowa przegr\u00f3dka wewn\u0105trz kosza umo\u017cliwia sk\u0142adowanie r\u00f3\u017cnych komponent\u00f3w w tym samym czasie. Brak przednich i tylnych bok\u00f3w umo\u017cliwia dogodny dost\u0119p do pobierania sk\u0142adowanych komponent\u00f3w wewn\u0105trz kosza oraz mo\u017cliwo\u015b\u0107 ustawienia koszy jeden na drugim na stanowisku pracy co umo\u017cliwia pobieraniu kilku r\u00f3\u017cnych komponent\u00f3w w jednym czasie. Kosz w standardzie cynkowany ogniowo.<\/p>","protected":false},"featured_media":340,"template":"","meta":[],"product_cat":[17],"product_tag":[49,48],"yst_prominent_words":[],"yoast_head":"<!-- This site is optimized with the Yoast SEO Premium plugin v14.1 - https:\/\/yoast.com\/wordpress\/plugins\/seo\/ -->\n<title>Kosz KS500 - BataStal<\/title>\n<meta name=\"description\" content=\"Batastal - Producent rozwi\u0105za\u0144 dla Logistyki, Ogrodnictwa i Rolnictwa. Nasza firma zasta\u0142a za\u0142o\u017cona na bazie pasji i szerokim do\u015bwiadczeniu w bran\u017cy konstrukcji metalowych. W sk\u0142ad naszych us\u0142ug wchodz\u0105 takie procesy jak wiercenie, ci\u0119cie, gi\u0119cie, malowanie czy te\u017c wiercenie.\" \/>\n<meta name=\"robots\" content=\"index, follow\" \/>\n<meta name=\"googlebot\" content=\"index, follow, max-snippet:-1, max-image-preview:large, max-video-preview:-1\" \/>\n<meta name=\"bingbot\" content=\"index, follow, max-snippet:-1, max-image-preview:large, max-video-preview:-1\" \/>\n<link rel=\"canonical\" href=\"https:\/\/batastal.pl\/en\/product\/kosz-ks500\/\" \/>\n<meta property=\"og:locale\" content=\"en_GB\" \/>\n<meta property=\"og:type\" content=\"article\" \/>\n<meta property=\"og:title\" content=\"Kosz KS500 - BataStal\" \/>\n<meta property=\"og:description\" content=\"Batastal - Producent rozwi\u0105za\u0144 dla Logistyki, Ogrodnictwa i Rolnictwa. Nasza firma zasta\u0142a za\u0142o\u017cona na bazie pasji i szerokim do\u015bwiadczeniu w bran\u017cy konstrukcji metalowych. W sk\u0142ad naszych us\u0142ug wchodz\u0105 takie procesy jak wiercenie, ci\u0119cie, gi\u0119cie, malowanie czy te\u017c wiercenie.\" \/>\n<meta property=\"og:url\" content=\"https:\/\/batastal.pl\/en\/product\/kosz-ks500\/\" \/>\n<meta property=\"og:site_name\" content=\"BataStal\" \/>\n<meta property=\"article:modified_time\" content=\"2022-09-09T12:46:54+00:00\" \/>\n<meta property=\"og:image\" content=\"https:\/\/batastal.pl\/wp-content\/uploads\/2021\/11\/kosz-rozlozony-batastal-bez-tla-2.jpg\" \/>\n\t<meta property=\"og:image:width\" content=\"1500\" \/>\n\t<meta property=\"og:image:height\" content=\"1125\" \/>\n<meta name=\"twitter:card\" content=\"summary_large_image\" \/>\n<script type=\"application\/ld+json\" class=\"yoast-schema-graph\">{\"@context\":\"https:\/\/schema.org\",\"@graph\":[{\"@type\":\"Organization\",\"@id\":\"https:\/\/batastal.pl\/en\/#organization\",\"name\":\"BataStal\",\"url\":\"https:\/\/batastal.pl\/en\/\",\"sameAs\":[],\"logo\":{\"@type\":\"ImageObject\",\"@id\":\"https:\/\/batastal.pl\/en\/#logo\",\"inLanguage\":\"en-GB\",\"url\":\"https:\/\/batastal.pl\/wp-content\/uploads\/2022\/06\/Logo-BataStal-Final.jpg\",\"width\":1200,\"height\":514,\"caption\":\"BataStal\"},\"image\":{\"@id\":\"https:\/\/batastal.pl\/en\/#logo\"}},{\"@type\":\"WebSite\",\"@id\":\"https:\/\/batastal.pl\/en\/#website\",\"url\":\"https:\/\/batastal.pl\/en\/\",\"name\":\"BataStal\",\"description\":\"Producent rozwi\\u0105za\\u0144 dla Logistyki, Ogrodnictwa, Rolnictwa\",\"publisher\":{\"@id\":\"https:\/\/batastal.pl\/en\/#organization\"},\"potentialAction\":[{\"@type\":\"SearchAction\",\"target\":\"https:\/\/batastal.pl\/en\/?s={search_term_string}\",\"query-input\":\"required name=search_term_string\"}],\"inLanguage\":\"en-GB\"},{\"@type\":\"ImageObject\",\"@id\":\"https:\/\/batastal.pl\/produkt\/kosz-ks500\/#primaryimage\",\"inLanguage\":\"en-GB\",\"url\":\"https:\/\/batastal.pl\/wp-content\/uploads\/2021\/11\/kosz-rozlozony-batastal-bez-tla-2.jpg\",\"width\":1500,\"height\":1125},{\"@type\":\"WebPage\",\"@id\":\"https:\/\/batastal.pl\/produkt\/kosz-ks500\/#webpage\",\"url\":\"https:\/\/batastal.pl\/produkt\/kosz-ks500\/\",\"name\":\"Kosz KS500 - BataStal\",\"isPartOf\":{\"@id\":\"https:\/\/batastal.pl\/en\/#website\"},\"primaryImageOfPage\":{\"@id\":\"https:\/\/batastal.pl\/produkt\/kosz-ks500\/#primaryimage\"},\"datePublished\":\"2022-01-24T20:15:47+00:00\",\"dateModified\":\"2022-09-09T12:46:54+00:00\",\"description\":\"Batastal - Producent rozwi\\u0105za\\u0144 dla Logistyki, Ogrodnictwa i Rolnictwa. Nasza firma zasta\\u0142a za\\u0142o\\u017cona na bazie pasji i szerokim do\\u015bwiadczeniu w bran\\u017cy konstrukcji metalowych. W sk\\u0142ad naszych us\\u0142ug wchodz\\u0105 takie procesy jak wiercenie, ci\\u0119cie, gi\\u0119cie, malowanie czy te\\u017c wiercenie.\",\"inLanguage\":\"en-GB\",\"potentialAction\":[{\"@type\":\"ReadAction\",\"target\":[\"https:\/\/batastal.pl\/produkt\/kosz-ks500\/\"]}]}]}<\/script>\n<!-- \/ Yoast SEO Premium plugin. -->","_links":{"self":[{"href":"https:\/\/batastal.pl\/en\/wp-json\/wp\/v2\/product\/320"}],"collection":[{"href":"https:\/\/batastal.pl\/en\/wp-json\/wp\/v2\/product"}],"about":[{"href":"https:\/\/batastal.pl\/en\/wp-json\/wp\/v2\/types\/product"}],"wp:featuredmedia":[{"embeddable":true,"href":"https:\/\/batastal.pl\/en\/wp-json\/wp\/v2\/media\/340"}],"wp:attachment":[{"href":"https:\/\/batastal.pl\/en\/wp-json\/wp\/v2\/media?parent=320"}],"wp:term":[{"taxonomy":"product_cat","embeddable":true,"href":"https:\/\/batastal.pl\/en\/wp-json\/wp\/v2\/product_cat?post=320"},{"taxonomy":"product_tag","embeddable":true,"href":"https:\/\/batastal.pl\/en\/wp-json\/wp\/v2\/product_tag?post=320"},{"taxonomy":"yst_prominent_words","embeddable":true,"href":"https:\/\/batastal.pl\/en\/wp-json\/wp\/v2\/yst_prominent_words?post=320"}],"curies":[{"name":"wp","href":"https:\/\/api.w.org\/{rel}","templated":true}]}}