{"id":182,"date":"2021-11-07T11:29:34","date_gmt":"2021-11-07T11:29:34","guid":{"rendered":"https:\/\/batastal.pl\/?post_type=product&#038;p=182"},"modified":"2022-05-07T14:30:36","modified_gmt":"2022-05-07T14:30:36","slug":"rozsiewacz-wapna-i-nawozu-model-an-9","status":"publish","type":"product","link":"https:\/\/batastal.pl\/en\/product\/rozsiewacz-wapna-i-nawozu-model-an-9\/","title":{"rendered":"Rozsiewacz wapna i nawozu model AN-9"},"content":{"rendered":"<div class=\"vc_row wpb_row row\"><div class=\"vc_column_container col-md-12\"><div class=\"wpb_wrapper vc_column-inner\">\n\t<div class=\"wpb_text_column wpb_content_element\" >\n\t\t<div class=\"wpb_wrapper\">\n\t\t\t<p>Rozsiewacz wapna<br \/>\nmodel AN-9<br \/>\n\u0141adowno\u015b\u0107 9t<br \/>\nPojemno\u015b\u0107 6,3m3<br \/>\nzapotrzebowanie mocy 90-120 KM<br \/>\ndopuszczalna masa ca\u0142kowita 11500kg<br \/>\nopony 21,5\/60-22,5<br \/>\ndyszel zaczepu g\u00f3rnego z regulowan\u0105 wysoko\u015bci\u0105<br \/>\nstopa podporowa szybkiego podnoszenia z mechaniczn\u0105 regulacj\u0105<br \/>\nprzeno\u015bnik \u0142a\u0144cuchowy<br \/>\nnap\u0119d przeno\u015bnika mechaniczny (za pomoc\u0105 przek\u0142adni nap\u0119dzanej silnikiem hydraulicznym)<br \/>\nza\u0142\u0105czanie nap\u0119du przeno\u015bnika -hydrauliczne (sterowanie z kabiny), regulacja pr\u0119dko\u015bci ta\u015bmy za pomoc\u0105 d\u0142awika przep\u0142ywu<br \/>\nwysoko\u015b\u0107 tarcz rozsiewaj\u0105cych od pod\u0142o\u017ca 70cm<br \/>\ntylna zasuwa skrzyni regulowa\u0144 r\u0119cznie ze skal\u0105 regulacji<br \/>\nnap\u0119d tarcz rozsiewaj\u0105cych mechaniczny (z WOM ci\u0105gnika)<br \/>\nhamulce robocze pneumatyczne<br \/>\nhamulec postojowy mechaniczny ze sterowaniem r\u0119cznym<br \/>\npodest z drabin\u0105<br \/>\no\u015bwietlenie drogowe<\/p>\n<p>Nowy produkt Naszej firmy.<br \/>\nProdukt na zam\u00f3wienie \u2013 czas realizacji 3 miesi\u0105ce<\/p>\n\n\t\t<\/div>\n\t<\/div>\n<\/div><\/div><\/div><div class=\"vc_row wpb_row row\"><div class=\"vc_column_container col-md-12\"><div class=\"wpb_wrapper vc_column-inner\">\n\t<div class=\"wpb_video_widget wpb_content_element vc_clearfix   vc_video-aspect-ratio-169 vc_video-el-width-100 vc_video-align-left\" >\n\t\t<div class=\"wpb_wrapper\">\n\t\t\t\n\t\t\t<div class=\"wpb_video_wrapper\"><iframe title=\"BATA ROZSIEWACZ WAPNA MODEL AN 9\" width=\"1140\" height=\"641\" src=\"https:\/\/www.youtube.com\/embed\/2FHUnRdDmBo?feature=oembed\" frameborder=\"0\" allow=\"accelerometer; autoplay; clipboard-write; encrypted-media; gyroscope; picture-in-picture\" allowfullscreen><\/iframe><\/div>\n\t\t<\/div>\n\t<\/div>\n<\/div><\/div><\/div>","protected":false},"excerpt":{"rendered":"<p>Rozsiewacz wapna model AN-9 o \u0142adowno\u015bci 9t i pojemno\u015bci 6,3m3 to nowy produkt naszej firmy.<\/p>","protected":false},"featured_media":557,"template":"","meta":[],"product_cat":[18],"product_tag":[56,57],"yst_prominent_words":[],"yoast_head":"<!-- This site is optimized with the Yoast SEO Premium plugin v14.1 - https:\/\/yoast.com\/wordpress\/plugins\/seo\/ -->\n<title>Rozsiewacz wapna i nawozu model AN-9 - BataStal<\/title>\n<meta name=\"description\" content=\"Batastal - Producent rozwi\u0105za\u0144 dla Logistyki, Ogrodnictwa i Rolnictwa. Nasza firma zasta\u0142a za\u0142o\u017cona na bazie pasji i szerokim do\u015bwiadczeniu w bran\u017cy konstrukcji metalowych. W sk\u0142ad naszych us\u0142ug wchodz\u0105 takie procesy jak wiercenie, ci\u0119cie, gi\u0119cie, malowanie czy te\u017c wiercenie.\" \/>\n<meta name=\"robots\" content=\"index, follow\" \/>\n<meta name=\"googlebot\" content=\"index, follow, max-snippet:-1, max-image-preview:large, max-video-preview:-1\" \/>\n<meta name=\"bingbot\" content=\"index, follow, max-snippet:-1, max-image-preview:large, max-video-preview:-1\" \/>\n<link rel=\"canonical\" href=\"https:\/\/batastal.pl\/en\/product\/rolnictwo\/rozsiewacz-wapna-i-nawozu-model-an-9\/\" \/>\n<meta property=\"og:locale\" content=\"en_GB\" \/>\n<meta property=\"og:type\" content=\"article\" \/>\n<meta property=\"og:title\" content=\"Rozsiewacz wapna i nawozu model AN-9 - BataStal\" \/>\n<meta property=\"og:description\" content=\"Batastal - Producent rozwi\u0105za\u0144 dla Logistyki, Ogrodnictwa i Rolnictwa. Nasza firma zasta\u0142a za\u0142o\u017cona na bazie pasji i szerokim do\u015bwiadczeniu w bran\u017cy konstrukcji metalowych. W sk\u0142ad naszych us\u0142ug wchodz\u0105 takie procesy jak wiercenie, ci\u0119cie, gi\u0119cie, malowanie czy te\u017c wiercenie.\" \/>\n<meta property=\"og:url\" content=\"https:\/\/batastal.pl\/en\/product\/rolnictwo\/rozsiewacz-wapna-i-nawozu-model-an-9\/\" \/>\n<meta property=\"og:site_name\" content=\"BataStal\" \/>\n<meta property=\"article:modified_time\" content=\"2022-05-07T14:30:36+00:00\" \/>\n<meta property=\"og:image\" content=\"https:\/\/batastal.pl\/wp-content\/uploads\/2021\/11\/Rozsiewacz-AN-9-BataStal-kopia-1.jpg\" \/>\n\t<meta property=\"og:image:width\" content=\"1600\" \/>\n\t<meta property=\"og:image:height\" content=\"1200\" \/>\n<meta name=\"twitter:card\" content=\"summary_large_image\" \/>\n<script type=\"application\/ld+json\" class=\"yoast-schema-graph\">{\"@context\":\"https:\/\/schema.org\",\"@graph\":[{\"@type\":\"Organization\",\"@id\":\"https:\/\/batastal.pl\/en\/#organization\",\"name\":\"BataStal\",\"url\":\"https:\/\/batastal.pl\/en\/\",\"sameAs\":[],\"logo\":{\"@type\":\"ImageObject\",\"@id\":\"https:\/\/batastal.pl\/en\/#logo\",\"inLanguage\":\"en-GB\",\"url\":\"https:\/\/batastal.pl\/wp-content\/uploads\/2022\/06\/Logo-BataStal-Final.jpg\",\"width\":1200,\"height\":514,\"caption\":\"BataStal\"},\"image\":{\"@id\":\"https:\/\/batastal.pl\/en\/#logo\"}},{\"@type\":\"WebSite\",\"@id\":\"https:\/\/batastal.pl\/en\/#website\",\"url\":\"https:\/\/batastal.pl\/en\/\",\"name\":\"BataStal\",\"description\":\"Producent rozwi\\u0105za\\u0144 dla Logistyki, Ogrodnictwa, Rolnictwa\",\"publisher\":{\"@id\":\"https:\/\/batastal.pl\/en\/#organization\"},\"potentialAction\":[{\"@type\":\"SearchAction\",\"target\":\"https:\/\/batastal.pl\/en\/?s={search_term_string}\",\"query-input\":\"required name=search_term_string\"}],\"inLanguage\":\"en-GB\"},{\"@type\":\"ImageObject\",\"@id\":\"https:\/\/batastal.pl\/produkt\/rolnictwo\/rozsiewacz-wapna-i-nawozu-model-an-9\/#primaryimage\",\"inLanguage\":\"en-GB\",\"url\":\"https:\/\/batastal.pl\/wp-content\/uploads\/2021\/11\/Rozsiewacz-AN-9-BataStal-kopia-1.jpg\",\"width\":1600,\"height\":1200,\"caption\":\"Rozsiewacz, Rolnictwo, Metalurgia, Batastal\"},{\"@type\":\"WebPage\",\"@id\":\"https:\/\/batastal.pl\/produkt\/rolnictwo\/rozsiewacz-wapna-i-nawozu-model-an-9\/#webpage\",\"url\":\"https:\/\/batastal.pl\/produkt\/rolnictwo\/rozsiewacz-wapna-i-nawozu-model-an-9\/\",\"name\":\"Rozsiewacz wapna i nawozu model AN-9 - BataStal\",\"isPartOf\":{\"@id\":\"https:\/\/batastal.pl\/en\/#website\"},\"primaryImageOfPage\":{\"@id\":\"https:\/\/batastal.pl\/produkt\/rolnictwo\/rozsiewacz-wapna-i-nawozu-model-an-9\/#primaryimage\"},\"datePublished\":\"2021-11-07T11:29:34+00:00\",\"dateModified\":\"2022-05-07T14:30:36+00:00\",\"description\":\"Batastal - Producent rozwi\\u0105za\\u0144 dla Logistyki, Ogrodnictwa i Rolnictwa. Nasza firma zasta\\u0142a za\\u0142o\\u017cona na bazie pasji i szerokim do\\u015bwiadczeniu w bran\\u017cy konstrukcji metalowych. W sk\\u0142ad naszych us\\u0142ug wchodz\\u0105 takie procesy jak wiercenie, ci\\u0119cie, gi\\u0119cie, malowanie czy te\\u017c wiercenie.\",\"inLanguage\":\"en-GB\",\"potentialAction\":[{\"@type\":\"ReadAction\",\"target\":[\"https:\/\/batastal.pl\/produkt\/rolnictwo\/rozsiewacz-wapna-i-nawozu-model-an-9\/\"]}]}]}<\/script>\n<!-- \/ Yoast SEO Premium plugin. -->","_links":{"self":[{"href":"https:\/\/batastal.pl\/en\/wp-json\/wp\/v2\/product\/182"}],"collection":[{"href":"https:\/\/batastal.pl\/en\/wp-json\/wp\/v2\/product"}],"about":[{"href":"https:\/\/batastal.pl\/en\/wp-json\/wp\/v2\/types\/product"}],"wp:featuredmedia":[{"embeddable":true,"href":"https:\/\/batastal.pl\/en\/wp-json\/wp\/v2\/media\/557"}],"wp:attachment":[{"href":"https:\/\/batastal.pl\/en\/wp-json\/wp\/v2\/media?parent=182"}],"wp:term":[{"taxonomy":"product_cat","embeddable":true,"href":"https:\/\/batastal.pl\/en\/wp-json\/wp\/v2\/product_cat?post=182"},{"taxonomy":"product_tag","embeddable":true,"href":"https:\/\/batastal.pl\/en\/wp-json\/wp\/v2\/product_tag?post=182"},{"taxonomy":"yst_prominent_words","embeddable":true,"href":"https:\/\/batastal.pl\/en\/wp-json\/wp\/v2\/yst_prominent_words?post=182"}],"curies":[{"name":"wp","href":"https:\/\/api.w.org\/{rel}","templated":true}]}}