{"id":169,"date":"2021-11-07T10:18:17","date_gmt":"2021-11-07T10:18:17","guid":{"rendered":"https:\/\/batastal.pl\/?post_type=product&#038;p=169"},"modified":"2021-12-22T19:54:57","modified_gmt":"2021-12-22T19:54:57","slug":"stojak-sta-2t","status":"publish","type":"product","link":"https:\/\/batastal.pl\/en\/product\/stand-sta-2t\/","title":{"rendered":"Stand STA 2T"},"content":{"rendered":"<div class=\"vc_row wpb_row row\"><div class=\"vc_column_container col-md-12\"><div class=\"wpb_wrapper vc_column-inner\">\n\t<div class=\"wpb_single_image wpb_content_element vc_align_center\">\n\t\t<div class=\"wpb_wrapper\">\n\t\t\t\n\t\t\t<a class=\"prettyphoto\" data-rel=\"prettyPhoto[rel-169-2949357826]\" href=\"https:\/\/batastal.pl\/wp-content\/uploads\/2021\/11\/Stojak-na-akumulatory-STA-2T-1024x689.jpg\" target=\"_self\"><div class=\"vc_single_image-wrapper vc_box_outline  vc_box_border_grey\"><img width=\"1024\" height=\"689\" src=\"https:\/\/batastal.pl\/wp-content\/uploads\/2021\/11\/Stojak-na-akumulatory-STA-2T-1024x689.jpg\" class=\"vc_single_image-img attachment-large\" alt=\"Stojak na akumulatory STA 2T\" loading=\"lazy\" srcset=\"https:\/\/batastal.pl\/wp-content\/uploads\/2021\/11\/Stojak-na-akumulatory-STA-2T-1024x689.jpg 1024w, https:\/\/batastal.pl\/wp-content\/uploads\/2021\/11\/Stojak-na-akumulatory-STA-2T-768x516.jpg 768w, https:\/\/batastal.pl\/wp-content\/uploads\/2021\/11\/Stojak-na-akumulatory-STA-2T-640x430.jpg 640w, https:\/\/batastal.pl\/wp-content\/uploads\/2021\/11\/Stojak-na-akumulatory-STA-2T-400x269.jpg 400w, https:\/\/batastal.pl\/wp-content\/uploads\/2021\/11\/Stojak-na-akumulatory-STA-2T-367x247.jpg 367w\" sizes=\"(max-width: 1024px) 100vw, 1024px\" \/><\/div><\/a>\n\t\t<\/div>\n\t<\/div>\n<\/div><\/div><\/div>","protected":false},"excerpt":{"rendered":"<p>A double stand for charging STA 2T forklift batteries. Two stations allow you to charge batteries with a total weight of 4 tons. Thanks to the possibility of charging the batteries at a separate stand, we make it possible to replace a used battery with a battery charged in the trolley, which allows for continuous operation of the trolley without interruptions for charging. The use of such solutions will bring the greatest effects of optimization of work in one- and two-shift systems. The lower eaves gutter prevents the electrolyte from spilling onto the floor in the event of battery leakage during charging.<\/p>","protected":false},"featured_media":250,"template":"","meta":[],"product_cat":[17],"product_tag":[49,55],"yst_prominent_words":[],"yoast_head":"<!-- This site is optimized with the Yoast SEO Premium plugin v14.1 - https:\/\/yoast.com\/wordpress\/plugins\/seo\/ -->\n<title>Stojak STA 2T - BataStal<\/title>\n<meta name=\"description\" content=\"Batastal - Producent rozwi\u0105za\u0144 dla Logistyki, Ogrodnictwa i Rolnictwa. Nasza firma zasta\u0142a za\u0142o\u017cona na bazie pasji i szerokim do\u015bwiadczeniu w bran\u017cy konstrukcji metalowych. W sk\u0142ad naszych us\u0142ug wchodz\u0105 takie procesy jak wiercenie, ci\u0119cie, gi\u0119cie, malowanie czy te\u017c wiercenie.\" \/>\n<meta name=\"robots\" content=\"index, follow\" \/>\n<meta name=\"googlebot\" content=\"index, follow, max-snippet:-1, max-image-preview:large, max-video-preview:-1\" \/>\n<meta name=\"bingbot\" content=\"index, follow, max-snippet:-1, max-image-preview:large, max-video-preview:-1\" \/>\n<link rel=\"canonical\" href=\"https:\/\/batastal.pl\/en\/product\/logistyka\/stojak-sta-2t\/\" \/>\n<meta property=\"og:locale\" content=\"en_GB\" \/>\n<meta property=\"og:type\" content=\"article\" \/>\n<meta property=\"og:title\" content=\"Stojak STA 2T - BataStal\" \/>\n<meta property=\"og:description\" content=\"Batastal - Producent rozwi\u0105za\u0144 dla Logistyki, Ogrodnictwa i Rolnictwa. Nasza firma zasta\u0142a za\u0142o\u017cona na bazie pasji i szerokim do\u015bwiadczeniu w bran\u017cy konstrukcji metalowych. W sk\u0142ad naszych us\u0142ug wchodz\u0105 takie procesy jak wiercenie, ci\u0119cie, gi\u0119cie, malowanie czy te\u017c wiercenie.\" \/>\n<meta property=\"og:url\" content=\"https:\/\/batastal.pl\/en\/product\/logistyka\/stojak-sta-2t\/\" \/>\n<meta property=\"og:site_name\" content=\"BataStal\" \/>\n<meta property=\"article:modified_time\" content=\"2021-12-22T19:54:57+00:00\" \/>\n<meta property=\"og:image\" content=\"https:\/\/batastal.pl\/wp-content\/uploads\/2021\/11\/platforma-akumulatory-logistyka-batastal-3_biale_tlo.jpg\" \/>\n\t<meta property=\"og:image:width\" content=\"1400\" \/>\n\t<meta property=\"og:image:height\" content=\"1050\" \/>\n<meta name=\"twitter:card\" content=\"summary_large_image\" \/>\n<script type=\"application\/ld+json\" class=\"yoast-schema-graph\">{\"@context\":\"https:\/\/schema.org\",\"@graph\":[{\"@type\":\"Organization\",\"@id\":\"https:\/\/batastal.pl\/en\/#organization\",\"name\":\"BataStal\",\"url\":\"https:\/\/batastal.pl\/en\/\",\"sameAs\":[],\"logo\":{\"@type\":\"ImageObject\",\"@id\":\"https:\/\/batastal.pl\/en\/#logo\",\"inLanguage\":\"en-GB\",\"url\":\"https:\/\/batastal.pl\/wp-content\/uploads\/2022\/06\/Logo-BataStal-Final.jpg\",\"width\":1200,\"height\":514,\"caption\":\"BataStal\"},\"image\":{\"@id\":\"https:\/\/batastal.pl\/en\/#logo\"}},{\"@type\":\"WebSite\",\"@id\":\"https:\/\/batastal.pl\/en\/#website\",\"url\":\"https:\/\/batastal.pl\/en\/\",\"name\":\"BataStal\",\"description\":\"Producent rozwi\\u0105za\\u0144 dla Logistyki, Ogrodnictwa, Rolnictwa\",\"publisher\":{\"@id\":\"https:\/\/batastal.pl\/en\/#organization\"},\"potentialAction\":[{\"@type\":\"SearchAction\",\"target\":\"https:\/\/batastal.pl\/en\/?s={search_term_string}\",\"query-input\":\"required name=search_term_string\"}],\"inLanguage\":\"en-GB\"},{\"@type\":\"ImageObject\",\"@id\":\"https:\/\/batastal.pl\/produkt\/logistyka\/stojak-sta-2t\/#primaryimage\",\"inLanguage\":\"en-GB\",\"url\":\"https:\/\/batastal.pl\/wp-content\/uploads\/2021\/11\/platforma-akumulatory-logistyka-batastal-3_biale_tlo.jpg\",\"width\":1400,\"height\":1050,\"caption\":\"Platforma, Akumulatory, Logistyka, Metalurgia, Batastal\"},{\"@type\":\"WebPage\",\"@id\":\"https:\/\/batastal.pl\/produkt\/logistyka\/stojak-sta-2t\/#webpage\",\"url\":\"https:\/\/batastal.pl\/produkt\/logistyka\/stojak-sta-2t\/\",\"name\":\"Stojak STA 2T - BataStal\",\"isPartOf\":{\"@id\":\"https:\/\/batastal.pl\/en\/#website\"},\"primaryImageOfPage\":{\"@id\":\"https:\/\/batastal.pl\/produkt\/logistyka\/stojak-sta-2t\/#primaryimage\"},\"datePublished\":\"2021-11-07T10:18:17+00:00\",\"dateModified\":\"2021-12-22T19:54:57+00:00\",\"description\":\"Batastal - Producent rozwi\\u0105za\\u0144 dla Logistyki, Ogrodnictwa i Rolnictwa. Nasza firma zasta\\u0142a za\\u0142o\\u017cona na bazie pasji i szerokim do\\u015bwiadczeniu w bran\\u017cy konstrukcji metalowych. W sk\\u0142ad naszych us\\u0142ug wchodz\\u0105 takie procesy jak wiercenie, ci\\u0119cie, gi\\u0119cie, malowanie czy te\\u017c wiercenie.\",\"inLanguage\":\"en-GB\",\"potentialAction\":[{\"@type\":\"ReadAction\",\"target\":[\"https:\/\/batastal.pl\/produkt\/logistyka\/stojak-sta-2t\/\"]}]}]}<\/script>\n<!-- \/ Yoast SEO Premium plugin. -->","_links":{"self":[{"href":"https:\/\/batastal.pl\/en\/wp-json\/wp\/v2\/product\/169"}],"collection":[{"href":"https:\/\/batastal.pl\/en\/wp-json\/wp\/v2\/product"}],"about":[{"href":"https:\/\/batastal.pl\/en\/wp-json\/wp\/v2\/types\/product"}],"wp:featuredmedia":[{"embeddable":true,"href":"https:\/\/batastal.pl\/en\/wp-json\/wp\/v2\/media\/250"}],"wp:attachment":[{"href":"https:\/\/batastal.pl\/en\/wp-json\/wp\/v2\/media?parent=169"}],"wp:term":[{"taxonomy":"product_cat","embeddable":true,"href":"https:\/\/batastal.pl\/en\/wp-json\/wp\/v2\/product_cat?post=169"},{"taxonomy":"product_tag","embeddable":true,"href":"https:\/\/batastal.pl\/en\/wp-json\/wp\/v2\/product_tag?post=169"},{"taxonomy":"yst_prominent_words","embeddable":true,"href":"https:\/\/batastal.pl\/en\/wp-json\/wp\/v2\/yst_prominent_words?post=169"}],"curies":[{"name":"wp","href":"https:\/\/api.w.org\/{rel}","templated":true}]}}