{"id":117,"date":"2021-11-05T22:59:33","date_gmt":"2021-11-05T22:59:33","guid":{"rendered":"https:\/\/batastal.pl\/?post_type=product&#038;p=117"},"modified":"2022-05-20T06:56:08","modified_gmt":"2022-05-20T06:56:08","slug":"wozek-transportowy-bgs","status":"publish","type":"product","link":"https:\/\/batastal.pl\/en\/product\/bgs-transport-trolley\/","title":{"rendered":"BGS Transport Trolley"},"content":{"rendered":"<div class=\"vc_row wpb_row row\"><div class=\"vc_column_container col-md-12\"><div class=\"wpb_wrapper vc_column-inner\">\n\t<div class=\"wpb_raw_code wpb_content_element wpb_raw_html\" >\n\t\t<div class=\"wpb_wrapper\">\n\t\t\t<style type=\"text\/css\">\n.tg  {border-collapse:collapse;border-spacing:0;}\n.tg td{border-color:black;border-style:solid;border-width:1px;font-family:Arial, sans-serif;font-size:14px;\n  overflow:hidden;padding:10px 5px;word-break:normal;}\n.tg th{border-color:black;border-style:solid;border-width:1px;font-family:Arial, sans-serif;font-size:14px;\n  font-weight:normal;overflow:hidden;padding:10px 5px;word-break:normal;}\n.tg .tg-mfvx{background-color:#dedede;border-color:#ffffff;color:#343434;text-align:left;vertical-align:top}\n<\/style>\n<table class=\"tg\">\n<thead>\n  <tr>\n    <th class=\"tg-mfvx\">Width<\/th>\n    <th class=\"tg-mfvx\">1630mm<\/th>\n  <\/tr>\n<\/thead>\n<tbody>\n  <tr>\n    <td class=\"tg-mfvx\">Length<\/td>\n    <td class=\"tg-mfvx\">2050mm<\/td>\n  <\/tr>\n  <tr>\n    <td class=\"tg-mfvx\">Load Capacity<\/td>\n    <td class=\"tg-mfvx\">700kg<\/td>\n  <\/tr>\n  <tr>\n    <td class=\"tg-mfvx\">Number of max in the queue<\/td>\n    <td class=\"tg-mfvx\">4 pcs<\/td>\n  <\/tr>\n<\/tbody>\n<\/table>\n\t\t<\/div>\n\t<\/div>\n<\/div><\/div><\/div><div class=\"vc_row wpb_row row\"><div class=\"vc_column_container col-md-12\"><div class=\"wpb_wrapper vc_column-inner\">\n\t<div class=\"wpb_single_image wpb_content_element vc_align_center\">\n\t\t<div class=\"wpb_wrapper\">\n\t\t\t\n\t\t\t<a class=\"prettyphoto\" data-rel=\"prettyPhoto[rel-117-3888868556]\" href=\"https:\/\/batastal.pl\/wp-content\/uploads\/2021\/11\/Wozek-BGS-rysunek-techniczny-1024x463.jpg\" target=\"_self\"><div class=\"vc_single_image-wrapper vc_box_outline  vc_box_border_grey\"><img width=\"1024\" height=\"463\" src=\"https:\/\/batastal.pl\/wp-content\/uploads\/2021\/11\/Wozek-BGS-rysunek-techniczny-1024x463.jpg\" class=\"vc_single_image-img attachment-large\" alt=\"W\u00f3zek BGS rysunek techniczny\" loading=\"lazy\" srcset=\"https:\/\/batastal.pl\/wp-content\/uploads\/2021\/11\/Wozek-BGS-rysunek-techniczny-1024x463.jpg 1024w, https:\/\/batastal.pl\/wp-content\/uploads\/2021\/11\/Wozek-BGS-rysunek-techniczny-768x347.jpg 768w, https:\/\/batastal.pl\/wp-content\/uploads\/2021\/11\/Wozek-BGS-rysunek-techniczny-640x289.jpg 640w, https:\/\/batastal.pl\/wp-content\/uploads\/2021\/11\/Wozek-BGS-rysunek-techniczny-400x181.jpg 400w, https:\/\/batastal.pl\/wp-content\/uploads\/2021\/11\/Wozek-BGS-rysunek-techniczny-367x166.jpg 367w\" sizes=\"(max-width: 1024px) 100vw, 1024px\" \/><\/div><\/a>\n\t\t<\/div>\n\t<\/div>\n<\/div><\/div><\/div>","protected":false},"excerpt":{"rendered":"<p>Open transport trolley designed for transporting components in BGD containers and on Euro pallets. The construction of the trolley was designed mainly for the logistics queue, commonly known as the \"milky way\". The trolley has all the steering axles that enable the queue to be turned in narrow production and storage aisles. The use of trolleys in logistics enables the reduction of delivery times, which significantly increases ergonomics, and logistic efficiency and thus reduces the costs of inter-plant deliveries.<\/p>","protected":false},"featured_media":587,"template":"","meta":[],"product_cat":[17],"product_tag":[49,50,51],"yst_prominent_words":[],"yoast_head":"<!-- This site is optimized with the Yoast SEO Premium plugin v14.1 - https:\/\/yoast.com\/wordpress\/plugins\/seo\/ -->\n<title>W\u00f3zek Transportowy BGS - BataStal<\/title>\n<meta name=\"description\" content=\"Batastal - Producent rozwi\u0105za\u0144 dla Logistyki, Ogrodnictwa i Rolnictwa. Nasza firma zasta\u0142a za\u0142o\u017cona na bazie pasji i szerokim do\u015bwiadczeniu w bran\u017cy konstrukcji metalowych. W sk\u0142ad naszych us\u0142ug wchodz\u0105 takie procesy jak wiercenie, ci\u0119cie, gi\u0119cie, malowanie czy te\u017c wiercenie.\" \/>\n<meta name=\"robots\" content=\"index, follow\" \/>\n<meta name=\"googlebot\" content=\"index, follow, max-snippet:-1, max-image-preview:large, max-video-preview:-1\" \/>\n<meta name=\"bingbot\" content=\"index, follow, max-snippet:-1, max-image-preview:large, max-video-preview:-1\" \/>\n<link rel=\"canonical\" href=\"https:\/\/batastal.pl\/en\/product\/logistyka\/wozek-transportowy-bgs\/\" \/>\n<meta property=\"og:locale\" content=\"en_GB\" \/>\n<meta property=\"og:type\" content=\"article\" \/>\n<meta property=\"og:title\" content=\"W\u00f3zek Transportowy BGS - BataStal\" \/>\n<meta property=\"og:description\" content=\"Batastal - Producent rozwi\u0105za\u0144 dla Logistyki, Ogrodnictwa i Rolnictwa. Nasza firma zasta\u0142a za\u0142o\u017cona na bazie pasji i szerokim do\u015bwiadczeniu w bran\u017cy konstrukcji metalowych. W sk\u0142ad naszych us\u0142ug wchodz\u0105 takie procesy jak wiercenie, ci\u0119cie, gi\u0119cie, malowanie czy te\u017c wiercenie.\" \/>\n<meta property=\"og:url\" content=\"https:\/\/batastal.pl\/en\/product\/logistyka\/wozek-transportowy-bgs\/\" \/>\n<meta property=\"og:site_name\" content=\"BataStal\" \/>\n<meta property=\"article:modified_time\" content=\"2022-05-20T06:56:08+00:00\" \/>\n<meta property=\"og:image\" content=\"https:\/\/batastal.pl\/wp-content\/uploads\/2021\/11\/Wozek-Transportowy-BGS.jpg\" \/>\n\t<meta property=\"og:image:width\" content=\"2036\" \/>\n\t<meta property=\"og:image:height\" content=\"1312\" \/>\n<meta name=\"twitter:card\" content=\"summary_large_image\" \/>\n<script type=\"application\/ld+json\" class=\"yoast-schema-graph\">{\"@context\":\"https:\/\/schema.org\",\"@graph\":[{\"@type\":\"Organization\",\"@id\":\"https:\/\/batastal.pl\/en\/#organization\",\"name\":\"BataStal\",\"url\":\"https:\/\/batastal.pl\/en\/\",\"sameAs\":[],\"logo\":{\"@type\":\"ImageObject\",\"@id\":\"https:\/\/batastal.pl\/en\/#logo\",\"inLanguage\":\"en-GB\",\"url\":\"https:\/\/batastal.pl\/wp-content\/uploads\/2022\/06\/Logo-BataStal-Final.jpg\",\"width\":1200,\"height\":514,\"caption\":\"BataStal\"},\"image\":{\"@id\":\"https:\/\/batastal.pl\/en\/#logo\"}},{\"@type\":\"WebSite\",\"@id\":\"https:\/\/batastal.pl\/en\/#website\",\"url\":\"https:\/\/batastal.pl\/en\/\",\"name\":\"BataStal\",\"description\":\"Producent rozwi\\u0105za\\u0144 dla Logistyki, Ogrodnictwa, Rolnictwa\",\"publisher\":{\"@id\":\"https:\/\/batastal.pl\/en\/#organization\"},\"potentialAction\":[{\"@type\":\"SearchAction\",\"target\":\"https:\/\/batastal.pl\/en\/?s={search_term_string}\",\"query-input\":\"required name=search_term_string\"}],\"inLanguage\":\"en-GB\"},{\"@type\":\"ImageObject\",\"@id\":\"https:\/\/batastal.pl\/produkt\/logistyka\/wozek-transportowy-bgs\/#primaryimage\",\"inLanguage\":\"en-GB\",\"url\":\"https:\/\/batastal.pl\/wp-content\/uploads\/2021\/11\/Wozek-Transportowy-BGS.jpg\",\"width\":2036,\"height\":1312,\"caption\":\"W\\u00f3zek Transportowy BGS Logistyka Metalurgia Batastal\"},{\"@type\":\"WebPage\",\"@id\":\"https:\/\/batastal.pl\/produkt\/logistyka\/wozek-transportowy-bgs\/#webpage\",\"url\":\"https:\/\/batastal.pl\/produkt\/logistyka\/wozek-transportowy-bgs\/\",\"name\":\"W\\u00f3zek Transportowy BGS - BataStal\",\"isPartOf\":{\"@id\":\"https:\/\/batastal.pl\/en\/#website\"},\"primaryImageOfPage\":{\"@id\":\"https:\/\/batastal.pl\/produkt\/logistyka\/wozek-transportowy-bgs\/#primaryimage\"},\"datePublished\":\"2021-11-05T22:59:33+00:00\",\"dateModified\":\"2022-05-20T06:56:08+00:00\",\"description\":\"Batastal - Producent rozwi\\u0105za\\u0144 dla Logistyki, Ogrodnictwa i Rolnictwa. Nasza firma zasta\\u0142a za\\u0142o\\u017cona na bazie pasji i szerokim do\\u015bwiadczeniu w bran\\u017cy konstrukcji metalowych. W sk\\u0142ad naszych us\\u0142ug wchodz\\u0105 takie procesy jak wiercenie, ci\\u0119cie, gi\\u0119cie, malowanie czy te\\u017c wiercenie.\",\"inLanguage\":\"en-GB\",\"potentialAction\":[{\"@type\":\"ReadAction\",\"target\":[\"https:\/\/batastal.pl\/produkt\/logistyka\/wozek-transportowy-bgs\/\"]}]}]}<\/script>\n<!-- \/ Yoast SEO Premium plugin. -->","_links":{"self":[{"href":"https:\/\/batastal.pl\/en\/wp-json\/wp\/v2\/product\/117"}],"collection":[{"href":"https:\/\/batastal.pl\/en\/wp-json\/wp\/v2\/product"}],"about":[{"href":"https:\/\/batastal.pl\/en\/wp-json\/wp\/v2\/types\/product"}],"wp:featuredmedia":[{"embeddable":true,"href":"https:\/\/batastal.pl\/en\/wp-json\/wp\/v2\/media\/587"}],"wp:attachment":[{"href":"https:\/\/batastal.pl\/en\/wp-json\/wp\/v2\/media?parent=117"}],"wp:term":[{"taxonomy":"product_cat","embeddable":true,"href":"https:\/\/batastal.pl\/en\/wp-json\/wp\/v2\/product_cat?post=117"},{"taxonomy":"product_tag","embeddable":true,"href":"https:\/\/batastal.pl\/en\/wp-json\/wp\/v2\/product_tag?post=117"},{"taxonomy":"yst_prominent_words","embeddable":true,"href":"https:\/\/batastal.pl\/en\/wp-json\/wp\/v2\/yst_prominent_words?post=117"}],"curies":[{"name":"wp","href":"https:\/\/api.w.org\/{rel}","templated":true}]}}