{"id":182,"date":"2021-11-07T11:29:34","date_gmt":"2021-11-07T11:29:34","guid":{"rendered":"https:\/\/batastal.pl\/?post_type=product&#038;p=182"},"modified":"2022-05-07T14:30:36","modified_gmt":"2022-05-07T14:30:36","slug":"rozsiewacz-wapna-i-nawozu-model-an-9","status":"publish","type":"product","link":"https:\/\/batastal.pl\/de\/produkt\/kalk-und-dungstreuer-modell-an-9\/","title":{"rendered":"Kalk- und Dungsteuer Modell AN-9"},"content":{"rendered":"<div class=\"vc_row wpb_row row\"><div class=\"vc_column_container col-md-12\"><div class=\"wpb_wrapper vc_column-inner\">\n\t<div class=\"wpb_text_column wpb_content_element\" >\n\t\t<div class=\"wpb_wrapper\">\n\t\t\t<p>Kalksteuer<br \/>\nModell AN-9<br \/>\nTragf\u00e4higkeit 9t<br \/>\nFassungsverm\u00f6gen 6,3m3<br \/>\nLeistungsbedarf 90-120 PS<br \/>\nzul\u00e4ssiges Gesamtgewicht 11500 kg<br \/>\nReifen 21,5\/60-22,5<br \/>\nH\u00f6henverstellbare Deichsel f\u00fcr den oberen Kraftheber<br \/>\nSchnellhub-St\u00fctzfu\u00df mit mechanischer Verstellung<br \/>\nKettenf\u00f6rderer<br \/>\nmechanischer Bandantrieb (mit einem von einem Hydraulikmotor angetriebenen Getriebe).<br \/>\nAnschalten des Bandantriebs- hydraulisch (Steuerung aus der Kabine), Bandgeschwindigkeitseinstellung mittels Durchflussbegrenzer<br \/>\nH\u00f6he der Streuscheiben vom Boden 70 cm<br \/>\nder Heckschieber ist mit einer Einstellskala manuell verstellbar<br \/>\nAntrieb der Streuscheibenmechanisierung (von Schlepperzapfwelle)<br \/>\npneumatische Betriebsbremsen<br \/>\nmechanische Feststellbremse mit manueller Steuerung<br \/>\nTreppenabsatz mit einem Leiter<br \/>\nBeleuchtung<\/p>\n<p>Ein neues Produkt unseres Unternehmens.<br \/>\nProdukt auf Anfrage lieferbar - Lieferzeit 3 \u200b\u200bMonate<\/p>\n\n\t\t<\/div>\n\t<\/div>\n<\/div><\/div><\/div><div class=\"vc_row wpb_row row\"><div class=\"vc_column_container col-md-12\"><div class=\"wpb_wrapper vc_column-inner\">\n\t<div class=\"wpb_video_widget wpb_content_element vc_clearfix   vc_video-aspect-ratio-169 vc_video-el-width-100 vc_video-align-left\" >\n\t\t<div class=\"wpb_wrapper\">\n\t\t\t\n\t\t\t<div class=\"wpb_video_wrapper\"><iframe title=\"BATA ROZSIEWACZ WAPNA MODEL AN 9\" width=\"1140\" height=\"641\" src=\"https:\/\/www.youtube.com\/embed\/2FHUnRdDmBo?feature=oembed\" frameborder=\"0\" allow=\"accelerometer; autoplay; clipboard-write; encrypted-media; gyroscope; picture-in-picture\" allowfullscreen><\/iframe><\/div>\n\t\t<\/div>\n\t<\/div>\n<\/div><\/div><\/div>","protected":false},"excerpt":{"rendered":"<p>Der Kalkstreuer AN-9 mit einer Kapazit\u00e4t von 9 Tonnen und einer Kapazit\u00e4t von 6,3 m3 ist ein neues Produkt unserer Firma.<\/p>","protected":false},"featured_media":557,"template":"","meta":[],"product_cat":[18],"product_tag":[56,57],"yst_prominent_words":[],"yoast_head":"<!-- This site is optimized with the Yoast SEO Premium plugin v14.1 - https:\/\/yoast.com\/wordpress\/plugins\/seo\/ -->\n<title>Rozsiewacz wapna i nawozu model AN-9 - BataStal<\/title>\n<meta name=\"description\" content=\"Batastal - Producent rozwi\u0105za\u0144 dla Logistyki, Ogrodnictwa i Rolnictwa. Nasza firma zasta\u0142a za\u0142o\u017cona na bazie pasji i szerokim do\u015bwiadczeniu w bran\u017cy konstrukcji metalowych. W sk\u0142ad naszych us\u0142ug wchodz\u0105 takie procesy jak wiercenie, ci\u0119cie, gi\u0119cie, malowanie czy te\u017c wiercenie.\" \/>\n<meta name=\"robots\" content=\"index, follow\" \/>\n<meta name=\"googlebot\" content=\"index, follow, max-snippet:-1, max-image-preview:large, max-video-preview:-1\" \/>\n<meta name=\"bingbot\" content=\"index, follow, max-snippet:-1, max-image-preview:large, max-video-preview:-1\" \/>\n<link rel=\"canonical\" href=\"https:\/\/batastal.pl\/de\/produkt\/rolnictwo\/rozsiewacz-wapna-i-nawozu-model-an-9\/\" \/>\n<meta property=\"og:locale\" content=\"de_DE\" \/>\n<meta property=\"og:type\" content=\"article\" \/>\n<meta property=\"og:title\" content=\"Rozsiewacz wapna i nawozu model AN-9 - BataStal\" \/>\n<meta property=\"og:description\" content=\"Batastal - Producent rozwi\u0105za\u0144 dla Logistyki, Ogrodnictwa i Rolnictwa. Nasza firma zasta\u0142a za\u0142o\u017cona na bazie pasji i szerokim do\u015bwiadczeniu w bran\u017cy konstrukcji metalowych. W sk\u0142ad naszych us\u0142ug wchodz\u0105 takie procesy jak wiercenie, ci\u0119cie, gi\u0119cie, malowanie czy te\u017c wiercenie.\" \/>\n<meta property=\"og:url\" content=\"https:\/\/batastal.pl\/de\/produkt\/rolnictwo\/rozsiewacz-wapna-i-nawozu-model-an-9\/\" \/>\n<meta property=\"og:site_name\" content=\"BataStal\" \/>\n<meta property=\"article:modified_time\" content=\"2022-05-07T14:30:36+00:00\" \/>\n<meta property=\"og:image\" content=\"https:\/\/batastal.pl\/wp-content\/uploads\/2021\/11\/Rozsiewacz-AN-9-BataStal-kopia-1.jpg\" \/>\n\t<meta property=\"og:image:width\" content=\"1600\" \/>\n\t<meta property=\"og:image:height\" content=\"1200\" \/>\n<meta name=\"twitter:card\" content=\"summary_large_image\" \/>\n<script type=\"application\/ld+json\" class=\"yoast-schema-graph\">{\"@context\":\"https:\/\/schema.org\",\"@graph\":[{\"@type\":\"Organization\",\"@id\":\"https:\/\/batastal.pl\/de\/#organization\",\"name\":\"BataStal\",\"url\":\"https:\/\/batastal.pl\/de\/\",\"sameAs\":[],\"logo\":{\"@type\":\"ImageObject\",\"@id\":\"https:\/\/batastal.pl\/de\/#logo\",\"inLanguage\":\"de-DE\",\"url\":\"https:\/\/batastal.pl\/wp-content\/uploads\/2022\/06\/Logo-BataStal-Final.jpg\",\"width\":1200,\"height\":514,\"caption\":\"BataStal\"},\"image\":{\"@id\":\"https:\/\/batastal.pl\/de\/#logo\"}},{\"@type\":\"WebSite\",\"@id\":\"https:\/\/batastal.pl\/de\/#website\",\"url\":\"https:\/\/batastal.pl\/de\/\",\"name\":\"BataStal\",\"description\":\"Producent rozwi\\u0105za\\u0144 dla Logistyki, Ogrodnictwa, Rolnictwa\",\"publisher\":{\"@id\":\"https:\/\/batastal.pl\/de\/#organization\"},\"potentialAction\":[{\"@type\":\"SearchAction\",\"target\":\"https:\/\/batastal.pl\/de\/?s={search_term_string}\",\"query-input\":\"required name=search_term_string\"}],\"inLanguage\":\"de-DE\"},{\"@type\":\"ImageObject\",\"@id\":\"https:\/\/batastal.pl\/produkt\/rolnictwo\/rozsiewacz-wapna-i-nawozu-model-an-9\/#primaryimage\",\"inLanguage\":\"de-DE\",\"url\":\"https:\/\/batastal.pl\/wp-content\/uploads\/2021\/11\/Rozsiewacz-AN-9-BataStal-kopia-1.jpg\",\"width\":1600,\"height\":1200,\"caption\":\"Rozsiewacz, Rolnictwo, Metalurgia, Batastal\"},{\"@type\":\"WebPage\",\"@id\":\"https:\/\/batastal.pl\/produkt\/rolnictwo\/rozsiewacz-wapna-i-nawozu-model-an-9\/#webpage\",\"url\":\"https:\/\/batastal.pl\/produkt\/rolnictwo\/rozsiewacz-wapna-i-nawozu-model-an-9\/\",\"name\":\"Rozsiewacz wapna i nawozu model AN-9 - BataStal\",\"isPartOf\":{\"@id\":\"https:\/\/batastal.pl\/de\/#website\"},\"primaryImageOfPage\":{\"@id\":\"https:\/\/batastal.pl\/produkt\/rolnictwo\/rozsiewacz-wapna-i-nawozu-model-an-9\/#primaryimage\"},\"datePublished\":\"2021-11-07T11:29:34+00:00\",\"dateModified\":\"2022-05-07T14:30:36+00:00\",\"description\":\"Batastal - Producent rozwi\\u0105za\\u0144 dla Logistyki, Ogrodnictwa i Rolnictwa. Nasza firma zasta\\u0142a za\\u0142o\\u017cona na bazie pasji i szerokim do\\u015bwiadczeniu w bran\\u017cy konstrukcji metalowych. W sk\\u0142ad naszych us\\u0142ug wchodz\\u0105 takie procesy jak wiercenie, ci\\u0119cie, gi\\u0119cie, malowanie czy te\\u017c wiercenie.\",\"inLanguage\":\"de-DE\",\"potentialAction\":[{\"@type\":\"ReadAction\",\"target\":[\"https:\/\/batastal.pl\/produkt\/rolnictwo\/rozsiewacz-wapna-i-nawozu-model-an-9\/\"]}]}]}<\/script>\n<!-- \/ Yoast SEO Premium plugin. -->","_links":{"self":[{"href":"https:\/\/batastal.pl\/de\/wp-json\/wp\/v2\/product\/182"}],"collection":[{"href":"https:\/\/batastal.pl\/de\/wp-json\/wp\/v2\/product"}],"about":[{"href":"https:\/\/batastal.pl\/de\/wp-json\/wp\/v2\/types\/product"}],"wp:featuredmedia":[{"embeddable":true,"href":"https:\/\/batastal.pl\/de\/wp-json\/wp\/v2\/media\/557"}],"wp:attachment":[{"href":"https:\/\/batastal.pl\/de\/wp-json\/wp\/v2\/media?parent=182"}],"wp:term":[{"taxonomy":"product_cat","embeddable":true,"href":"https:\/\/batastal.pl\/de\/wp-json\/wp\/v2\/product_cat?post=182"},{"taxonomy":"product_tag","embeddable":true,"href":"https:\/\/batastal.pl\/de\/wp-json\/wp\/v2\/product_tag?post=182"},{"taxonomy":"yst_prominent_words","embeddable":true,"href":"https:\/\/batastal.pl\/de\/wp-json\/wp\/v2\/yst_prominent_words?post=182"}],"curies":[{"name":"wp","href":"https:\/\/api.w.org\/{rel}","templated":true}]}}