{"id":174,"date":"2021-11-07T11:22:04","date_gmt":"2021-11-07T11:22:04","guid":{"rendered":"https:\/\/batastal.pl\/?post_type=product&#038;p=174"},"modified":"2022-02-26T13:36:02","modified_gmt":"2022-02-26T13:36:02","slug":"rozsiewacz-wapna-i-nawozu-model-an-7","status":"publish","type":"product","link":"https:\/\/batastal.pl\/de\/produkt\/kalk-und-dungstreuer-modell-an-7-2\/","title":{"rendered":"Kalk-und Dungstreuer Modell AN-7"},"content":{"rendered":"<p>Kalksteuer<br \/>\nModell AN-7<br \/>\nTragf\u00e4higkeit 7 t<br \/>\nFassungsverm\u00f6gen 4,5 m3<br \/>\nLeistungsbedarf 90-120 PS<br \/>\nzul\u00e4ssiges Gesamtgewicht 11500 kg<br \/>\nReifen 21,5\/60-22,5<br \/>\nH\u00f6henverstellbare Deichsel f\u00fcr den oberen Kraftheber<br \/>\nSchnellhub-St\u00fctzfu\u00df mit mechanischer Verstellung<br \/>\nKettenf\u00f6rderer<br \/>\nmechanischer Bandantrieb (mit einem von einem Hydraulikmotor angetriebenen Getriebe).<br \/>\nAnschalten des Bandantriebs- hydraulisch (Steuerung aus der Kabine), Bandgeschwindigkeitseinstellung mittels Durchflussbegrenzer<br \/>\nH\u00f6he der Streuscheiben vom Boden 70 cm<br \/>\nder Heckschieber ist mit einer Einstellskala manuell verstellbar<br \/>\nAntrieb der Streuscheibenmechanisierung (von Schlepperzapfwelle)<br \/>\npneumatische Betriebsbremsen<br \/>\nmechanische Feststellbremse mit manueller Steuerung<br \/>\nTreppenabsatz mit einem Leiter<br \/>\nBeleuchtung<\/p>\n<p>Ein neues Produkt unseres Unternehmens.<br \/>\nProdukt auf Anfrage lieferbar - Lieferzeit 3 \u200b\u200bMonate<\/p>","protected":false},"excerpt":{"rendered":"<p>Der Kalkstreuer AN-7 mit einer Kapazit\u00e4t von 7 Tonnen und einer Kapazit\u00e4t von 4,5 m3 ist ein neues Produkt unserer Firma.<\/p>","protected":false},"featured_media":255,"template":"","meta":[],"product_cat":[18],"product_tag":[56,57],"yst_prominent_words":[],"yoast_head":"<!-- This site is optimized with the Yoast SEO Premium plugin v14.1 - https:\/\/yoast.com\/wordpress\/plugins\/seo\/ -->\n<title>Rozsiewacz wapna i nawozu model AN-7 - BataStal<\/title>\n<meta name=\"description\" content=\"Batastal - Producent rozwi\u0105za\u0144 dla Logistyki, Ogrodnictwa i Rolnictwa. Nasza firma zasta\u0142a za\u0142o\u017cona na bazie pasji i szerokim do\u015bwiadczeniu w bran\u017cy konstrukcji metalowych. W sk\u0142ad naszych us\u0142ug wchodz\u0105 takie procesy jak wiercenie, ci\u0119cie, gi\u0119cie, malowanie czy te\u017c wiercenie.\" \/>\n<meta name=\"robots\" content=\"index, follow\" \/>\n<meta name=\"googlebot\" content=\"index, follow, max-snippet:-1, max-image-preview:large, max-video-preview:-1\" \/>\n<meta name=\"bingbot\" content=\"index, follow, max-snippet:-1, max-image-preview:large, max-video-preview:-1\" \/>\n<link rel=\"canonical\" href=\"https:\/\/batastal.pl\/de\/produkt\/rolnictwo\/rozsiewacz-wapna-i-nawozu-model-an-7\/\" \/>\n<meta property=\"og:locale\" content=\"de_DE\" \/>\n<meta property=\"og:type\" content=\"article\" \/>\n<meta property=\"og:title\" content=\"Rozsiewacz wapna i nawozu model AN-7 - BataStal\" \/>\n<meta property=\"og:description\" content=\"Batastal - Producent rozwi\u0105za\u0144 dla Logistyki, Ogrodnictwa i Rolnictwa. Nasza firma zasta\u0142a za\u0142o\u017cona na bazie pasji i szerokim do\u015bwiadczeniu w bran\u017cy konstrukcji metalowych. W sk\u0142ad naszych us\u0142ug wchodz\u0105 takie procesy jak wiercenie, ci\u0119cie, gi\u0119cie, malowanie czy te\u017c wiercenie.\" \/>\n<meta property=\"og:url\" content=\"https:\/\/batastal.pl\/de\/produkt\/rolnictwo\/rozsiewacz-wapna-i-nawozu-model-an-7\/\" \/>\n<meta property=\"og:site_name\" content=\"BataStal\" \/>\n<meta property=\"article:modified_time\" content=\"2022-02-26T13:36:02+00:00\" \/>\n<meta property=\"og:image\" content=\"https:\/\/batastal.pl\/wp-content\/uploads\/2021\/11\/AN_7.jpg\" \/>\n\t<meta property=\"og:image:width\" content=\"1400\" \/>\n\t<meta property=\"og:image:height\" content=\"1050\" \/>\n<meta name=\"twitter:card\" content=\"summary_large_image\" \/>\n<script type=\"application\/ld+json\" class=\"yoast-schema-graph\">{\"@context\":\"https:\/\/schema.org\",\"@graph\":[{\"@type\":\"Organization\",\"@id\":\"https:\/\/batastal.pl\/de\/#organization\",\"name\":\"BataStal\",\"url\":\"https:\/\/batastal.pl\/de\/\",\"sameAs\":[],\"logo\":{\"@type\":\"ImageObject\",\"@id\":\"https:\/\/batastal.pl\/de\/#logo\",\"inLanguage\":\"de-DE\",\"url\":\"https:\/\/batastal.pl\/wp-content\/uploads\/2022\/06\/Logo-BataStal-Final.jpg\",\"width\":1200,\"height\":514,\"caption\":\"BataStal\"},\"image\":{\"@id\":\"https:\/\/batastal.pl\/de\/#logo\"}},{\"@type\":\"WebSite\",\"@id\":\"https:\/\/batastal.pl\/de\/#website\",\"url\":\"https:\/\/batastal.pl\/de\/\",\"name\":\"BataStal\",\"description\":\"Producent rozwi\\u0105za\\u0144 dla Logistyki, Ogrodnictwa, Rolnictwa\",\"publisher\":{\"@id\":\"https:\/\/batastal.pl\/de\/#organization\"},\"potentialAction\":[{\"@type\":\"SearchAction\",\"target\":\"https:\/\/batastal.pl\/de\/?s={search_term_string}\",\"query-input\":\"required name=search_term_string\"}],\"inLanguage\":\"de-DE\"},{\"@type\":\"ImageObject\",\"@id\":\"https:\/\/batastal.pl\/produkt\/rolnictwo\/rozsiewacz-wapna-i-nawozu-model-an-7\/#primaryimage\",\"inLanguage\":\"de-DE\",\"url\":\"https:\/\/batastal.pl\/wp-content\/uploads\/2021\/11\/AN_7.jpg\",\"width\":1400,\"height\":1050,\"caption\":\"Rozsiewacz, Rolnictwo, Metalurgia, Batastal\"},{\"@type\":\"WebPage\",\"@id\":\"https:\/\/batastal.pl\/produkt\/rolnictwo\/rozsiewacz-wapna-i-nawozu-model-an-7\/#webpage\",\"url\":\"https:\/\/batastal.pl\/produkt\/rolnictwo\/rozsiewacz-wapna-i-nawozu-model-an-7\/\",\"name\":\"Rozsiewacz wapna i nawozu model AN-7 - BataStal\",\"isPartOf\":{\"@id\":\"https:\/\/batastal.pl\/de\/#website\"},\"primaryImageOfPage\":{\"@id\":\"https:\/\/batastal.pl\/produkt\/rolnictwo\/rozsiewacz-wapna-i-nawozu-model-an-7\/#primaryimage\"},\"datePublished\":\"2021-11-07T11:22:04+00:00\",\"dateModified\":\"2022-02-26T13:36:02+00:00\",\"description\":\"Batastal - Producent rozwi\\u0105za\\u0144 dla Logistyki, Ogrodnictwa i Rolnictwa. Nasza firma zasta\\u0142a za\\u0142o\\u017cona na bazie pasji i szerokim do\\u015bwiadczeniu w bran\\u017cy konstrukcji metalowych. W sk\\u0142ad naszych us\\u0142ug wchodz\\u0105 takie procesy jak wiercenie, ci\\u0119cie, gi\\u0119cie, malowanie czy te\\u017c wiercenie.\",\"inLanguage\":\"de-DE\",\"potentialAction\":[{\"@type\":\"ReadAction\",\"target\":[\"https:\/\/batastal.pl\/produkt\/rolnictwo\/rozsiewacz-wapna-i-nawozu-model-an-7\/\"]}]}]}<\/script>\n<!-- \/ Yoast SEO Premium plugin. -->","_links":{"self":[{"href":"https:\/\/batastal.pl\/de\/wp-json\/wp\/v2\/product\/174"}],"collection":[{"href":"https:\/\/batastal.pl\/de\/wp-json\/wp\/v2\/product"}],"about":[{"href":"https:\/\/batastal.pl\/de\/wp-json\/wp\/v2\/types\/product"}],"wp:featuredmedia":[{"embeddable":true,"href":"https:\/\/batastal.pl\/de\/wp-json\/wp\/v2\/media\/255"}],"wp:attachment":[{"href":"https:\/\/batastal.pl\/de\/wp-json\/wp\/v2\/media?parent=174"}],"wp:term":[{"taxonomy":"product_cat","embeddable":true,"href":"https:\/\/batastal.pl\/de\/wp-json\/wp\/v2\/product_cat?post=174"},{"taxonomy":"product_tag","embeddable":true,"href":"https:\/\/batastal.pl\/de\/wp-json\/wp\/v2\/product_tag?post=174"},{"taxonomy":"yst_prominent_words","embeddable":true,"href":"https:\/\/batastal.pl\/de\/wp-json\/wp\/v2\/yst_prominent_words?post=174"}],"curies":[{"name":"wp","href":"https:\/\/api.w.org\/{rel}","templated":true}]}}