{"id":127,"date":"2021-11-05T23:06:41","date_gmt":"2021-11-05T23:06:41","guid":{"rendered":"https:\/\/batastal.pl\/?post_type=product&#038;p=127"},"modified":"2022-05-25T18:48:51","modified_gmt":"2022-05-25T18:48:51","slug":"wozek-transportowy-rg","status":"publish","type":"product","link":"https:\/\/batastal.pl\/de\/produkt\/rg-transportwagen\/","title":{"rendered":"RG Transportwagen"},"content":{"rendered":"<div class=\"vc_row wpb_row row\"><div class=\"vc_column_container col-md-12\"><div class=\"wpb_wrapper vc_column-inner\">\n\t<div class=\"wpb_raw_code wpb_content_element wpb_raw_html\" >\n\t\t<div class=\"wpb_wrapper\">\n\t\t\t<style type=\"text\/css\">\n.tg  {border-collapse:collapse;border-spacing:0;}\n.tg td{border-color:black;border-style:solid;border-width:1px;font-family:Arial, sans-serif;font-size:14px;\n  overflow:hidden;padding:10px 5px;word-break:normal;}\n.tg th{border-color:black;border-style:solid;border-width:1px;font-family:Arial, sans-serif;font-size:14px;\n  font-weight:normal;overflow:hidden;padding:10px 5px;word-break:normal;}\n.tg .tg-mfvx{background-color:#dedede;border-color:#ffffff;color:#343434;text-align:left;vertical-align:top}\n<\/style>\n<table class=\"tg\">\n<thead>\n  <tr>\n    <th class=\"tg-mfvx\">Breite<\/th>\n    <th class=\"tg-mfvx\">1250mm<\/th>\n  <\/tr>\n<\/thead>\n<tbody>\n  <tr>\n    <td class=\"tg-mfvx\">L\u00e4nge<\/td>\n    <td class=\"tg-mfvx\">2200mm<\/td>\n  <\/tr>\n  <tr>\n    <td class=\"tg-mfvx\">Tragf\u00e4higkeit<\/td>\n    <td class=\"tg-mfvx\">700kg<\/td>\n  <\/tr>\n  <tr>\n    <td class=\"tg-mfvx\">Anzahl Regale<\/td>\n    <td class=\"tg-mfvx\">4 Stk.<\/td>\n  <\/tr>\n  <tr>\n    <td class=\"tg-mfvx\">Maximale Anzahl in der Warteschlange<\/td>\n    <td class=\"tg-mfvx\">4 Stk.<\/td>\n  <\/tr>\n<\/tbody>\n<\/table>\n\t\t<\/div>\n\t<\/div>\n<\/div><\/div><\/div><div class=\"vc_row wpb_row row\"><div class=\"vc_column_container col-md-12\"><div class=\"wpb_wrapper vc_column-inner\">\n\t<div class=\"wpb_single_image wpb_content_element vc_align_center\">\n\t\t<div class=\"wpb_wrapper\">\n\t\t\t\n\t\t\t<a class=\"prettyphoto\" data-rel=\"prettyPhoto[rel-127-48053450]\" href=\"https:\/\/batastal.pl\/wp-content\/uploads\/2022\/01\/Wozek-RG-Rysunek-techniczny-1024x571.jpg\" target=\"_self\"><div class=\"vc_single_image-wrapper vc_box_outline  vc_box_border_grey\"><img width=\"1024\" height=\"571\" src=\"https:\/\/batastal.pl\/wp-content\/uploads\/2022\/01\/Wozek-RG-Rysunek-techniczny-1024x571.jpg\" class=\"vc_single_image-img attachment-large\" alt=\"W\u00f3zek RG Rysunek techniczny\" loading=\"lazy\" srcset=\"https:\/\/batastal.pl\/wp-content\/uploads\/2022\/01\/Wozek-RG-Rysunek-techniczny-1024x571.jpg 1024w, https:\/\/batastal.pl\/wp-content\/uploads\/2022\/01\/Wozek-RG-Rysunek-techniczny-768x428.jpg 768w, https:\/\/batastal.pl\/wp-content\/uploads\/2022\/01\/Wozek-RG-Rysunek-techniczny-640x357.jpg 640w, https:\/\/batastal.pl\/wp-content\/uploads\/2022\/01\/Wozek-RG-Rysunek-techniczny-400x223.jpg 400w, https:\/\/batastal.pl\/wp-content\/uploads\/2022\/01\/Wozek-RG-Rysunek-techniczny-367x205.jpg 367w\" sizes=\"(max-width: 1024px) 100vw, 1024px\" \/><\/div><\/a>\n\t\t<\/div>\n\t<\/div>\n<\/div><\/div><\/div>","protected":false},"excerpt":{"rendered":"<p>Ein Transportwagen, der f\u00fcr den Transport kleiner Details in Kartonverpackungen oder kleinen Beh\u00e4ltern entwickelt wurde. Der Trolley wurde haupts\u00e4chlich f\u00fcr die logistische Warteschlange entwickelt, die allgemein als \"Milchstra\u00dfe\" bekannt ist. Der Wagen verf\u00fcgt \u00fcber alle Lenkachsen, die ein Wenden in engen Produktions- und Lagerg\u00e4ngen erm\u00f6glichen. Der Wagen hat die M\u00f6glichkeit, die H\u00f6he der Regale zu verstellen, sodass wir ihn speziell an die H\u00f6he der Verpackung anpassen k\u00f6nnen. Der Einsatz von LKWs in der Logistik erm\u00f6glicht die Verk\u00fcrzung von Lieferzeiten, was die Ergonomie und die logistische Effizienz deutlich erh\u00f6ht und somit die Kosten f\u00fcr Lieferungen zwischen Werken senkt<\/p>","protected":false},"featured_media":584,"template":"","meta":[],"product_cat":[17],"product_tag":[],"yst_prominent_words":[],"yoast_head":"<!-- This site is optimized with the Yoast SEO Premium plugin v14.1 - https:\/\/yoast.com\/wordpress\/plugins\/seo\/ -->\n<title>W\u00f3zek transportowy RG - BataStal<\/title>\n<meta name=\"description\" content=\"Batastal - Producent rozwi\u0105za\u0144 dla Logistyki, Ogrodnictwa i Rolnictwa. Nasza firma zasta\u0142a za\u0142o\u017cona na bazie pasji i szerokim do\u015bwiadczeniu w bran\u017cy konstrukcji metalowych. W sk\u0142ad naszych us\u0142ug wchodz\u0105 takie procesy jak wiercenie, ci\u0119cie, gi\u0119cie, malowanie czy te\u017c wiercenie.\" \/>\n<meta name=\"robots\" content=\"index, follow\" \/>\n<meta name=\"googlebot\" content=\"index, follow, max-snippet:-1, max-image-preview:large, max-video-preview:-1\" \/>\n<meta name=\"bingbot\" content=\"index, follow, max-snippet:-1, max-image-preview:large, max-video-preview:-1\" \/>\n<link rel=\"canonical\" href=\"https:\/\/batastal.pl\/de\/produkt\/logistyka\/wozek-transportowy-rg\/\" \/>\n<meta property=\"og:locale\" content=\"de_DE\" \/>\n<meta property=\"og:type\" content=\"article\" \/>\n<meta property=\"og:title\" content=\"W\u00f3zek transportowy RG - BataStal\" \/>\n<meta property=\"og:description\" content=\"Batastal - Producent rozwi\u0105za\u0144 dla Logistyki, Ogrodnictwa i Rolnictwa. Nasza firma zasta\u0142a za\u0142o\u017cona na bazie pasji i szerokim do\u015bwiadczeniu w bran\u017cy konstrukcji metalowych. W sk\u0142ad naszych us\u0142ug wchodz\u0105 takie procesy jak wiercenie, ci\u0119cie, gi\u0119cie, malowanie czy te\u017c wiercenie.\" \/>\n<meta property=\"og:url\" content=\"https:\/\/batastal.pl\/de\/produkt\/logistyka\/wozek-transportowy-rg\/\" \/>\n<meta property=\"og:site_name\" content=\"BataStal\" \/>\n<meta property=\"article:modified_time\" content=\"2022-05-25T18:48:51+00:00\" \/>\n<meta property=\"og:image\" content=\"https:\/\/batastal.pl\/wp-content\/uploads\/2021\/11\/Wozek-Transportowy-RG-Logistyka-Metalurgia-Batastal.jpg\" \/>\n\t<meta property=\"og:image:width\" content=\"1058\" \/>\n\t<meta property=\"og:image:height\" content=\"1411\" \/>\n<meta name=\"twitter:card\" content=\"summary_large_image\" \/>\n<script type=\"application\/ld+json\" class=\"yoast-schema-graph\">{\"@context\":\"https:\/\/schema.org\",\"@graph\":[{\"@type\":\"Organization\",\"@id\":\"https:\/\/batastal.pl\/de\/#organization\",\"name\":\"BataStal\",\"url\":\"https:\/\/batastal.pl\/de\/\",\"sameAs\":[],\"logo\":{\"@type\":\"ImageObject\",\"@id\":\"https:\/\/batastal.pl\/de\/#logo\",\"inLanguage\":\"de-DE\",\"url\":\"https:\/\/batastal.pl\/wp-content\/uploads\/2022\/06\/Logo-BataStal-Final.jpg\",\"width\":1200,\"height\":514,\"caption\":\"BataStal\"},\"image\":{\"@id\":\"https:\/\/batastal.pl\/de\/#logo\"}},{\"@type\":\"WebSite\",\"@id\":\"https:\/\/batastal.pl\/de\/#website\",\"url\":\"https:\/\/batastal.pl\/de\/\",\"name\":\"BataStal\",\"description\":\"Producent rozwi\\u0105za\\u0144 dla Logistyki, Ogrodnictwa, Rolnictwa\",\"publisher\":{\"@id\":\"https:\/\/batastal.pl\/de\/#organization\"},\"potentialAction\":[{\"@type\":\"SearchAction\",\"target\":\"https:\/\/batastal.pl\/de\/?s={search_term_string}\",\"query-input\":\"required name=search_term_string\"}],\"inLanguage\":\"de-DE\"},{\"@type\":\"ImageObject\",\"@id\":\"https:\/\/batastal.pl\/produkt\/logistyka\/wozek-transportowy-rg\/#primaryimage\",\"inLanguage\":\"de-DE\",\"url\":\"https:\/\/batastal.pl\/wp-content\/uploads\/2021\/11\/Wozek-Transportowy-RG-Logistyka-Metalurgia-Batastal.jpg\",\"width\":1058,\"height\":1411,\"caption\":\"W\\u00f3zek Transportowy RG Logistyka Metalurgia Batastal\"},{\"@type\":\"WebPage\",\"@id\":\"https:\/\/batastal.pl\/produkt\/logistyka\/wozek-transportowy-rg\/#webpage\",\"url\":\"https:\/\/batastal.pl\/produkt\/logistyka\/wozek-transportowy-rg\/\",\"name\":\"W\\u00f3zek transportowy RG - BataStal\",\"isPartOf\":{\"@id\":\"https:\/\/batastal.pl\/de\/#website\"},\"primaryImageOfPage\":{\"@id\":\"https:\/\/batastal.pl\/produkt\/logistyka\/wozek-transportowy-rg\/#primaryimage\"},\"datePublished\":\"2021-11-05T23:06:41+00:00\",\"dateModified\":\"2022-05-25T18:48:51+00:00\",\"description\":\"Batastal - Producent rozwi\\u0105za\\u0144 dla Logistyki, Ogrodnictwa i Rolnictwa. Nasza firma zasta\\u0142a za\\u0142o\\u017cona na bazie pasji i szerokim do\\u015bwiadczeniu w bran\\u017cy konstrukcji metalowych. W sk\\u0142ad naszych us\\u0142ug wchodz\\u0105 takie procesy jak wiercenie, ci\\u0119cie, gi\\u0119cie, malowanie czy te\\u017c wiercenie.\",\"inLanguage\":\"de-DE\",\"potentialAction\":[{\"@type\":\"ReadAction\",\"target\":[\"https:\/\/batastal.pl\/produkt\/logistyka\/wozek-transportowy-rg\/\"]}]}]}<\/script>\n<!-- \/ Yoast SEO Premium plugin. -->","_links":{"self":[{"href":"https:\/\/batastal.pl\/de\/wp-json\/wp\/v2\/product\/127"}],"collection":[{"href":"https:\/\/batastal.pl\/de\/wp-json\/wp\/v2\/product"}],"about":[{"href":"https:\/\/batastal.pl\/de\/wp-json\/wp\/v2\/types\/product"}],"wp:featuredmedia":[{"embeddable":true,"href":"https:\/\/batastal.pl\/de\/wp-json\/wp\/v2\/media\/584"}],"wp:attachment":[{"href":"https:\/\/batastal.pl\/de\/wp-json\/wp\/v2\/media?parent=127"}],"wp:term":[{"taxonomy":"product_cat","embeddable":true,"href":"https:\/\/batastal.pl\/de\/wp-json\/wp\/v2\/product_cat?post=127"},{"taxonomy":"product_tag","embeddable":true,"href":"https:\/\/batastal.pl\/de\/wp-json\/wp\/v2\/product_tag?post=127"},{"taxonomy":"yst_prominent_words","embeddable":true,"href":"https:\/\/batastal.pl\/de\/wp-json\/wp\/v2\/yst_prominent_words?post=127"}],"curies":[{"name":"wp","href":"https:\/\/api.w.org\/{rel}","templated":true}]}}