{"id":638,"date":"2022-09-21T17:17:00","date_gmt":"2022-09-21T17:17:00","guid":{"rendered":"https:\/\/batastal.pl\/?page_id=638"},"modified":"2022-09-21T17:17:00","modified_gmt":"2022-09-21T17:17:00","slug":"spawanie","status":"publish","type":"page","link":"https:\/\/batastal.pl\/de\/spawanie\/","title":{"rendered":"Schwei\u00dfen"},"content":{"rendered":"<div class=\"vc_row wpb_row row\"><div class=\"vc_column_container col-md-8\"><div class=\"wpb_wrapper vc_column-inner\">\n\t<div class=\"wpb_text_column wpb_content_element\" >\n\t\t<div class=\"wpb_wrapper\">\n\t\t\t<p>Umfang der ausgef\u00fchrten Schwei\u00dfverbindungen:<\/p>\n<p>Schwei\u00dfmethode MAG\u00a0135:<br \/>\nFW Kehln\u00e4hte<br \/>\n- BW-Stumpfn\u00e4hte (Bleche)<br \/>\n- BW-Stumpfn\u00e4hte (Rohre)<br \/>\nSchwei\u00dfmethode TIG\u00a0141:<br \/>\n-FW Kehln\u00e4hte (Bleche und Rohre)<br \/>\n- BW-Stumpfn\u00e4hte (Rohre) (Bleche und Rohre)<\/p>\n<p>Anlagen<br \/>\nManuelles Schwei\u00dfen<br \/>\n- Schwei\u00dfger\u00e4te EWM\u00a0Phoenix\u00a0XQ\u00a0400\u00a0puls<br \/>\n- Schwei\u00dfger\u00e4te EMPPI\u00a0Kempomig\u00a03200<br \/>\n-Zusammen 4 Schwei\u00dfanlagen<\/p>\n<p>Aufgaben und und Kompetenzbereich<\/p>\n<p>\u00dcberpr\u00fcfung der Anforderungen<br \/>\ntechnische Anforderung<br \/>\nUnterbeauftragung<br \/>\nSchwei\u00dfpersonal<br \/>\nSchwei\u00dfausr\u00fcstung<br \/>\nProduktionsplanung (Verweis auf entsprechende technologische Anleitungen)<br \/>\nspawania)<br \/>\nQualifikation Schwei\u00dftechnologie<br \/>\nschwei\u00dftechnologische Anleitungen<br \/>\nArbeitsanweisungen (Arbeitspr\u00fcfungen)<br \/>\nSchwei\u00dfzus\u00e4tze<br \/>\nGrundmaterialien zum Schwei\u00dfen<br \/>\nKontrolle und Forschung vor dem Schwei\u00dfen<br \/>\nKontrolle und Forschung w\u00e4hrend des Schwei\u00dfens<br \/>\nKontrolle und Forschung nach dem Schwei\u00dfen<br \/>\nSchwei\u00dfabweichungen und Korrekturma\u00dfnahmen<br \/>\nAufzeichnung der Qualit\u00e4t<\/p>\n<p>Untersuchungen NDT<br \/>\nDer Hersteller sollte \u00fcber ausreichendes und kompetentes Personal zur<br \/>\nPlanung, Durchf\u00fchrung und \u00dcberwachung der Kontrolle und Pr\u00fcfung der Schwei\u00dfproduktion<br \/>\nsowie \u00fcber die geeignete Ausr\u00fcstung zur Durchf\u00fchrung dieser Pr\u00fcfungen verf\u00fcgen.<\/p>\n<p>Qualifiziertes NDT-Personal:<br \/>\nVT2 visuelle Untersuchungen<\/p>\n\n\t\t<\/div>\n\t<\/div>\n<\/div><\/div><div class=\"vc_column_container col-md-4\"><div class=\"wpb_wrapper vc_column-inner\">\n\t<div class=\"wpb_single_image wpb_content_element vc_align_center\">\n\t\t<div class=\"wpb_wrapper\">\n\t\t\t\n\t\t\t<div class=\"vc_single_image-wrapper vc_box_rounded  vc_box_border_grey\"><img width=\"1024\" height=\"684\" src=\"https:\/\/batastal.pl\/wp-content\/uploads\/2022\/09\/Spawanie-Proces-3-Batastal-1024x684.jpg\" class=\"vc_single_image-img attachment-large\" alt=\"Spawanie proces Batastal\" loading=\"lazy\" srcset=\"https:\/\/batastal.pl\/wp-content\/uploads\/2022\/09\/Spawanie-Proces-3-Batastal-1024x684.jpg 1024w, https:\/\/batastal.pl\/wp-content\/uploads\/2022\/09\/Spawanie-Proces-3-Batastal-768x513.jpg 768w, https:\/\/batastal.pl\/wp-content\/uploads\/2022\/09\/Spawanie-Proces-3-Batastal-640x427.jpg 640w, https:\/\/batastal.pl\/wp-content\/uploads\/2022\/09\/Spawanie-Proces-3-Batastal-400x267.jpg 400w, https:\/\/batastal.pl\/wp-content\/uploads\/2022\/09\/Spawanie-Proces-3-Batastal-367x245.jpg 367w\" sizes=\"(max-width: 1024px) 100vw, 1024px\" \/><\/div>\n\t\t<\/div>\n\t<\/div>\n\n\t<div class=\"wpb_single_image wpb_content_element vc_align_center\">\n\t\t<div class=\"wpb_wrapper\">\n\t\t\t\n\t\t\t<div class=\"vc_single_image-wrapper vc_box_rounded  vc_box_border_grey\"><img width=\"1024\" height=\"683\" src=\"https:\/\/batastal.pl\/wp-content\/uploads\/2022\/09\/Spawanie-Proces-Batastal-1024x683.jpg\" class=\"vc_single_image-img attachment-large\" alt=\"Spawanie proces Batastal\" loading=\"lazy\" srcset=\"https:\/\/batastal.pl\/wp-content\/uploads\/2022\/09\/Spawanie-Proces-Batastal-1024x683.jpg 1024w, https:\/\/batastal.pl\/wp-content\/uploads\/2022\/09\/Spawanie-Proces-Batastal-768x512.jpg 768w, https:\/\/batastal.pl\/wp-content\/uploads\/2022\/09\/Spawanie-Proces-Batastal-640x427.jpg 640w, https:\/\/batastal.pl\/wp-content\/uploads\/2022\/09\/Spawanie-Proces-Batastal-400x267.jpg 400w, https:\/\/batastal.pl\/wp-content\/uploads\/2022\/09\/Spawanie-Proces-Batastal-367x245.jpg 367w\" sizes=\"(max-width: 1024px) 100vw, 1024px\" \/><\/div>\n\t\t<\/div>\n\t<\/div>\n\n\t<div class=\"wpb_single_image wpb_content_element vc_align_center\">\n\t\t<div class=\"wpb_wrapper\">\n\t\t\t\n\t\t\t<div class=\"vc_single_image-wrapper vc_box_rounded  vc_box_border_grey\"><img width=\"1024\" height=\"767\" src=\"https:\/\/batastal.pl\/wp-content\/uploads\/2022\/09\/Spawanie-Proces-2-Batastal-1024x767.jpg\" class=\"vc_single_image-img attachment-large\" alt=\"Spawanie proces Batastal\" loading=\"lazy\" srcset=\"https:\/\/batastal.pl\/wp-content\/uploads\/2022\/09\/Spawanie-Proces-2-Batastal-1024x767.jpg 1024w, https:\/\/batastal.pl\/wp-content\/uploads\/2022\/09\/Spawanie-Proces-2-Batastal-768x575.jpg 768w, https:\/\/batastal.pl\/wp-content\/uploads\/2022\/09\/Spawanie-Proces-2-Batastal-463x348.jpg 463w, https:\/\/batastal.pl\/wp-content\/uploads\/2022\/09\/Spawanie-Proces-2-Batastal-640x480.jpg 640w, https:\/\/batastal.pl\/wp-content\/uploads\/2022\/09\/Spawanie-Proces-2-Batastal-400x300.jpg 400w, https:\/\/batastal.pl\/wp-content\/uploads\/2022\/09\/Spawanie-Proces-2-Batastal-367x275.jpg 367w\" sizes=\"(max-width: 1024px) 100vw, 1024px\" \/><\/div>\n\t\t<\/div>\n\t<\/div>\n<\/div><\/div><\/div>","protected":false},"excerpt":{"rendered":"Zakres wykonywanych z\u0142\u0105czy spawanych: Metoda\u00a0spawania\u00a0MAG\u00a0135: \u2013\u00a0Spoiny\u00a0pachwinowe\u00a0FW \u2013\u00a0Spoiny\u00a0czo\u0142owe\u00a0BW\u00a0(blachy) \u2013\u00a0Spoiny\u00a0czo\u0142owe\u00a0BW\u00a0(rury) Metoda\u00a0spawania\u00a0TIG\u00a0141: \u2013\u00a0Spoiny\u00a0pachwinowe\u00a0FW\u00a0(blachy\u00a0i\u00a0rury) \u2013\u00a0Spoiny\u00a0czo\u0142owe\u00a0BW\u00a0(blachy\u00a0i\u00a0rury) Urz\u0105dzenia Spawanie\u00a0manualne \u2013\u00a0Spawarki\u00a0EWM\u00a0Phoenix\u00a0XQ\u00a0400\u00a0puls \u2013\u00a0Spawarki\u00a0KEMPPI\u00a0Kempomig\u00a03200 \u2013\u00a0Razem\u00a04\u00a0urz\u0105dze\u0144\u00a0spawalniczych Zadania\u00a0i\u00a0zakres\u00a0kompetencji przegl\u0105d\u00a0wymaga\u0144 przegl\u0105d\u00a0techniczny podwykonawstwo personel\u00a0spawalniczy sprz\u0119t\u00a0spawalniczy planowanie\u00a0produkcji\u00a0(powo\u0142anie\u00a0na\u00a0odpowiednie\u00a0instrukcje\u00a0technologiczne spawania) kwalifikowanie\u00a0technologii\u00a0spawania instrukcje\u00a0technologiczne\u00a0spawania instrukcje\u00a0robocze\u00a0(pr\u00f3by\u00a0robocze) materia\u0142y\u00a0dodatkowe\u00a0do\u00a0spawania materia\u0142y\u00a0podstawowe\u00a0do\u00a0spawania kontrola\u00a0i\u00a0badania\u00a0przed\u00a0spawaniem kontrola\u00a0i\u00a0badania\u00a0w\u00a0trakcie\u00a0spawania kontrola\u00a0i\u00a0badania\u00a0po\u00a0spawaniu niezgodno\u015bci\u00a0spawalnicze\u00a0i\u00a0dzia\u0142ania\u00a0koryguj\u0105ce zapisy\u00a0jako\u015bci Badania\u00a0NDT Wytw\u00f3rca\u00a0powinien\u00a0dysponowa\u0107\u00a0wystarczaj\u0105cym\u00a0i\u00a0kompetentnym\u00a0personelem\u00a0do planowania,\u00a0wykonywania\u00a0i\u00a0nadzorowania\u00a0kontroli\u00a0i\u00a0badania\u00a0produkcji spawalniczej\u00a0oraz\u00a0odpowiednim\u00a0sprz\u0119tem\u00a0do\u00a0wykonywania\u00a0tych\u00a0bada\u0144. Kwalifikowany\u00a0personel\u00a0bada\u0144\u00a0NDT: Badania\u00a0wizualne\u00a0VT2","protected":false},"author":1,"featured_media":0,"parent":0,"menu_order":0,"comment_status":"closed","ping_status":"closed","template":"","meta":[],"yst_prominent_words":[],"yoast_head":"<!-- This site is optimized with the Yoast SEO Premium plugin v14.1 - https:\/\/yoast.com\/wordpress\/plugins\/seo\/ -->\n<title>Spawanie - BataStal<\/title>\n<meta name=\"description\" content=\"Batastal - Producent rozwi\u0105za\u0144 dla Logistyki, Ogrodnictwa i Rolnictwa. Nasza firma zasta\u0142a za\u0142o\u017cona na bazie pasji i szerokim do\u015bwiadczeniu w bran\u017cy konstrukcji metalowych. W sk\u0142ad naszych us\u0142ug wchodz\u0105 takie procesy jak wiercenie, ci\u0119cie, gi\u0119cie, malowanie czy te\u017c wiercenie.\" \/>\n<meta name=\"robots\" content=\"index, follow\" \/>\n<meta name=\"googlebot\" content=\"index, follow, max-snippet:-1, max-image-preview:large, max-video-preview:-1\" \/>\n<meta name=\"bingbot\" content=\"index, follow, max-snippet:-1, max-image-preview:large, max-video-preview:-1\" \/>\n<link rel=\"canonical\" href=\"https:\/\/batastal.pl\/de\/spawanie\/\" \/>\n<meta property=\"og:locale\" content=\"de_DE\" \/>\n<meta property=\"og:type\" content=\"article\" \/>\n<meta property=\"og:title\" content=\"Spawanie - BataStal\" \/>\n<meta property=\"og:description\" content=\"Batastal - Producent rozwi\u0105za\u0144 dla Logistyki, Ogrodnictwa i Rolnictwa. Nasza firma zasta\u0142a za\u0142o\u017cona na bazie pasji i szerokim do\u015bwiadczeniu w bran\u017cy konstrukcji metalowych. W sk\u0142ad naszych us\u0142ug wchodz\u0105 takie procesy jak wiercenie, ci\u0119cie, gi\u0119cie, malowanie czy te\u017c wiercenie.\" \/>\n<meta property=\"og:url\" content=\"https:\/\/batastal.pl\/de\/spawanie\/\" \/>\n<meta property=\"og:site_name\" content=\"BataStal\" \/>\n<meta property=\"og:image\" content=\"https:\/\/batastal.pl\/wp-content\/uploads\/2022\/06\/Logo-BataStal-Final.jpg\" \/>\n\t<meta property=\"og:image:width\" content=\"1200\" \/>\n\t<meta property=\"og:image:height\" content=\"514\" \/>\n<meta name=\"twitter:card\" content=\"summary_large_image\" \/>\n<script type=\"application\/ld+json\" class=\"yoast-schema-graph\">{\"@context\":\"https:\/\/schema.org\",\"@graph\":[{\"@type\":\"Organization\",\"@id\":\"https:\/\/batastal.pl\/de\/#organization\",\"name\":\"BataStal\",\"url\":\"https:\/\/batastal.pl\/de\/\",\"sameAs\":[],\"logo\":{\"@type\":\"ImageObject\",\"@id\":\"https:\/\/batastal.pl\/de\/#logo\",\"inLanguage\":\"de-DE\",\"url\":\"https:\/\/batastal.pl\/wp-content\/uploads\/2022\/06\/Logo-BataStal-Final.jpg\",\"width\":1200,\"height\":514,\"caption\":\"BataStal\"},\"image\":{\"@id\":\"https:\/\/batastal.pl\/de\/#logo\"}},{\"@type\":\"WebSite\",\"@id\":\"https:\/\/batastal.pl\/de\/#website\",\"url\":\"https:\/\/batastal.pl\/de\/\",\"name\":\"BataStal\",\"description\":\"Producent rozwi\\u0105za\\u0144 dla Logistyki, Ogrodnictwa, Rolnictwa\",\"publisher\":{\"@id\":\"https:\/\/batastal.pl\/de\/#organization\"},\"potentialAction\":[{\"@type\":\"SearchAction\",\"target\":\"https:\/\/batastal.pl\/de\/?s={search_term_string}\",\"query-input\":\"required name=search_term_string\"}],\"inLanguage\":\"de-DE\"},{\"@type\":\"WebPage\",\"@id\":\"https:\/\/batastal.pl\/spawanie\/#webpage\",\"url\":\"https:\/\/batastal.pl\/spawanie\/\",\"name\":\"Spawanie - BataStal\",\"isPartOf\":{\"@id\":\"https:\/\/batastal.pl\/de\/#website\"},\"datePublished\":\"2022-09-21T17:17:00+00:00\",\"dateModified\":\"2022-09-21T17:17:00+00:00\",\"description\":\"Batastal - Producent rozwi\\u0105za\\u0144 dla Logistyki, Ogrodnictwa i Rolnictwa. Nasza firma zasta\\u0142a za\\u0142o\\u017cona na bazie pasji i szerokim do\\u015bwiadczeniu w bran\\u017cy konstrukcji metalowych. W sk\\u0142ad naszych us\\u0142ug wchodz\\u0105 takie procesy jak wiercenie, ci\\u0119cie, gi\\u0119cie, malowanie czy te\\u017c wiercenie.\",\"inLanguage\":\"de-DE\",\"potentialAction\":[{\"@type\":\"ReadAction\",\"target\":[\"https:\/\/batastal.pl\/spawanie\/\"]}]}]}<\/script>\n<!-- \/ Yoast SEO Premium plugin. -->","_links":{"self":[{"href":"https:\/\/batastal.pl\/de\/wp-json\/wp\/v2\/pages\/638"}],"collection":[{"href":"https:\/\/batastal.pl\/de\/wp-json\/wp\/v2\/pages"}],"about":[{"href":"https:\/\/batastal.pl\/de\/wp-json\/wp\/v2\/types\/page"}],"author":[{"embeddable":true,"href":"https:\/\/batastal.pl\/de\/wp-json\/wp\/v2\/users\/1"}],"replies":[{"embeddable":true,"href":"https:\/\/batastal.pl\/de\/wp-json\/wp\/v2\/comments?post=638"}],"version-history":[{"count":1,"href":"https:\/\/batastal.pl\/de\/wp-json\/wp\/v2\/pages\/638\/revisions"}],"predecessor-version":[{"id":639,"href":"https:\/\/batastal.pl\/de\/wp-json\/wp\/v2\/pages\/638\/revisions\/639"}],"wp:attachment":[{"href":"https:\/\/batastal.pl\/de\/wp-json\/wp\/v2\/media?parent=638"}],"wp:term":[{"taxonomy":"yst_prominent_words","embeddable":true,"href":"https:\/\/batastal.pl\/de\/wp-json\/wp\/v2\/yst_prominent_words?post=638"}],"curies":[{"name":"wp","href":"https:\/\/api.w.org\/{rel}","templated":true}]}}