{"id":34,"date":"2021-10-30T12:32:47","date_gmt":"2021-10-30T12:32:47","guid":{"rendered":"https:\/\/batastal.pl\/?page_id=34"},"modified":"2022-03-05T11:15:43","modified_gmt":"2022-03-05T11:15:43","slug":"rozwiazania-dla-firm","status":"publish","type":"page","link":"https:\/\/batastal.pl\/de\/losungen-fur-unternehmen\/","title":{"rendered":"L\u00d6SUNGEN F\u00dcR UNTERNEHMEN"},"content":{"rendered":"<div class=\"vc_row wpb_row row\"><div class=\"vc_column_container col-md-12\"><div class=\"wpb_wrapper vc_column-inner\"><div class=\"porto-u-heading  wpb_custom_95aa9a11c17ad45cfabaf210d84ee7cc\" data-hspacer=\"line_only\" data-halign=\"center\" style=\"text-align:center\"><div class=\"porto-u-sub-heading\" style=\"\">Wir bieten eine Reihe von Logistikl\u00f6sungen f\u00fcr Unternehmen an, alle Produkte werden auf Bestellung gefertigt, in \u00dcbereinstimmung mit der Dokumentation und unter Einhaltung der h\u00f6chsten Standards.<\/div><div class=\"porto-u-heading-spacer line_only\" style=\"height:4px;\"><span class=\"porto-u-headings-line\" style=\"border-style:solid;border-bottom-width:4px;border-color:#7f7f7f;width:100px;\"><\/span><\/div><\/div><\/div><\/div><\/div><div class=\"vc_row wpb_row row\"><div class=\"vc_column_container col-md-12\"><div class=\"wpb_wrapper vc_column-inner\"><div class=\"vc_empty_space\"   style=\"height: 60px\"><span class=\"vc_empty_space_inner\"><\/span><\/div><\/div><\/div><\/div><div class=\"vc_row wpb_row row\"><div class=\"vc_column_container col-md-12\"><div class=\"wpb_wrapper vc_column-inner\">\n\t<div class=\"wpb_text_column wpb_content_element\" >\n\t\t<div class=\"wpb_wrapper\">\n\t\t\t<div class=\"carousel-slider-outer carousel-slider-outer-image-carousel carousel-slider-outer-488\" style=\"--carousel-slider-nav-color:rgb(0,0,0);--carousel-slider-active-nav-color:rgb(30,115,190);--carousel-slider-arrow-size:48px;--carousel-slider-bullet-size:10px\">\n<div id=\"&#039;id-488\" class=\"carousel-slider carousel-slider-488 arrows-visibility-hover dots-visibility-always arrows-outside dots-center dots-circle owl-carousel\" data-slide-type=\"image-carousel\" data-owl-settings='{\"nav\":true,\"dots\":true,\"slideBy\":1,\"stagePadding\":0,\"margin\":10,\"loop\":true,\"lazyLoad\":true,\"autoplay\":true,\"autoplayTimeout\":5000,\"autoplaySpeed\":500,\"autoplayHoverPause\":true,\"autoWidth\":false,\"responsive\":{\"300\":{\"items\":1},\"576\":{\"items\":2},\"768\":{\"items\":2},\"1024\":{\"items\":3},\"1280\":{\"items\":4},\"1536\":{\"items\":5}}}'>\n<div class=\"carousel-slider__item\">\n\t<a class=\"magnific-popup\" href=\"https:\/\/batastal.pl\/wp-content\/uploads\/2022\/02\/Rozwiazania-logistyczne-1.jpg\" data-width=\"716\" data-height=\"640\"><img class=\"owl-lazy\" data-src=\"https:\/\/batastal.pl\/wp-content\/uploads\/2022\/02\/Rozwiazania-logistyczne-1.jpg\" alt=\"Rozwi\u0105zania logistyczne\"><\/a><\/div>\n\n<div class=\"carousel-slider__item\">\n\t<a class=\"magnific-popup\" href=\"https:\/\/batastal.pl\/wp-content\/uploads\/2022\/02\/Rozwiazania-logistyczne-2.jpg\" data-width=\"716\" data-height=\"640\"><img class=\"owl-lazy\" data-src=\"https:\/\/batastal.pl\/wp-content\/uploads\/2022\/02\/Rozwiazania-logistyczne-2.jpg\" alt=\"Rozwi\u0105zania logistyczne\"><\/a><\/div>\n\n<div class=\"carousel-slider__item\">\n\t<a class=\"magnific-popup\" href=\"https:\/\/batastal.pl\/wp-content\/uploads\/2022\/02\/Rozwiazania-logistyczne-3.jpg\" data-width=\"1400\" data-height=\"787\"><img class=\"owl-lazy\" data-src=\"https:\/\/batastal.pl\/wp-content\/uploads\/2022\/02\/Rozwiazania-logistyczne-3-768x432.jpg\" alt=\"Rozwi\u0105zania logistyczne\"><\/a><\/div>\n\n<div class=\"carousel-slider__item\">\n\t<a class=\"magnific-popup\" href=\"https:\/\/batastal.pl\/wp-content\/uploads\/2022\/02\/Stojaki-metalowe-2.jpg\" data-width=\"640\" data-height=\"480\"><img class=\"owl-lazy\" data-src=\"https:\/\/batastal.pl\/wp-content\/uploads\/2022\/02\/Stojaki-metalowe-2.jpg\" alt=\"Stojaki metalowe\"><\/a><\/div>\n\n<div class=\"carousel-slider__item\">\n\t<a class=\"magnific-popup\" href=\"https:\/\/batastal.pl\/wp-content\/uploads\/2022\/02\/Stojaki-metalowe-3.jpg\" data-width=\"640\" data-height=\"480\"><img class=\"owl-lazy\" data-src=\"https:\/\/batastal.pl\/wp-content\/uploads\/2022\/02\/Stojaki-metalowe-3.jpg\" alt=\"Stojaki metalowe\"><\/a><\/div>\n\n<div class=\"carousel-slider__item\">\n\t<a class=\"magnific-popup\" href=\"https:\/\/batastal.pl\/wp-content\/uploads\/2022\/02\/Stojaki-metalowe-4.jpg\" data-width=\"748\" data-height=\"413\"><img class=\"owl-lazy\" data-src=\"https:\/\/batastal.pl\/wp-content\/uploads\/2022\/02\/Stojaki-metalowe-4.jpg\" alt=\"Stojaki metalowe\"><\/a><\/div>\n\n<\/div><!-- .carousel-slider-488 -->\n<\/div><!-- .carousel-slider-outer-488 -->\n\n\n\t\t<\/div>\n\t<\/div>\n<\/div><\/div><\/div>","protected":false},"excerpt":{"rendered":"Wir bieten eine Reihe von Logistikl\u00f6sungen f\u00fcr Unternehmen an, alle Produkte werden auf Bestellung gefertigt, in \u00dcbereinstimmung mit der Dokumentation und unter Einhaltung der h\u00f6chsten Standards.","protected":false},"author":1,"featured_media":0,"parent":0,"menu_order":0,"comment_status":"closed","ping_status":"closed","template":"","meta":[],"yst_prominent_words":[],"yoast_head":"<!-- This site is optimized with the Yoast SEO Premium plugin v14.1 - https:\/\/yoast.com\/wordpress\/plugins\/seo\/ -->\n<title>Rozwi\u0105zania dla firm - BataStal<\/title>\n<meta name=\"description\" content=\"Batastal - Producent rozwi\u0105za\u0144 dla Logistyki, Ogrodnictwa i Rolnictwa. Nasza firma zasta\u0142a za\u0142o\u017cona na bazie pasji i szerokim do\u015bwiadczeniu w bran\u017cy konstrukcji metalowych. W sk\u0142ad naszych us\u0142ug wchodz\u0105 takie procesy jak wiercenie, ci\u0119cie, gi\u0119cie, malowanie czy te\u017c wiercenie.\" \/>\n<meta name=\"robots\" content=\"index, follow\" \/>\n<meta name=\"googlebot\" content=\"index, follow, max-snippet:-1, max-image-preview:large, max-video-preview:-1\" \/>\n<meta name=\"bingbot\" content=\"index, follow, max-snippet:-1, max-image-preview:large, max-video-preview:-1\" \/>\n<link rel=\"canonical\" href=\"https:\/\/batastal.pl\/de\/rozwiazania-dla-firm\/\" \/>\n<meta property=\"og:locale\" content=\"de_DE\" \/>\n<meta property=\"og:type\" content=\"article\" \/>\n<meta property=\"og:title\" content=\"Rozwi\u0105zania dla firm - BataStal\" \/>\n<meta property=\"og:description\" content=\"Batastal - Producent rozwi\u0105za\u0144 dla Logistyki, Ogrodnictwa i Rolnictwa. Nasza firma zasta\u0142a za\u0142o\u017cona na bazie pasji i szerokim do\u015bwiadczeniu w bran\u017cy konstrukcji metalowych. W sk\u0142ad naszych us\u0142ug wchodz\u0105 takie procesy jak wiercenie, ci\u0119cie, gi\u0119cie, malowanie czy te\u017c wiercenie.\" \/>\n<meta property=\"og:url\" content=\"https:\/\/batastal.pl\/de\/rozwiazania-dla-firm\/\" \/>\n<meta property=\"og:site_name\" content=\"BataStal\" \/>\n<meta property=\"article:modified_time\" content=\"2022-03-05T11:15:43+00:00\" \/>\n<meta property=\"og:image\" content=\"https:\/\/batastal.pl\/wp-content\/uploads\/2022\/06\/Logo-BataStal-Final.jpg\" \/>\n\t<meta property=\"og:image:width\" content=\"1200\" \/>\n\t<meta property=\"og:image:height\" content=\"514\" \/>\n<meta name=\"twitter:card\" content=\"summary_large_image\" \/>\n<script type=\"application\/ld+json\" class=\"yoast-schema-graph\">{\"@context\":\"https:\/\/schema.org\",\"@graph\":[{\"@type\":\"Organization\",\"@id\":\"https:\/\/batastal.pl\/de\/#organization\",\"name\":\"BataStal\",\"url\":\"https:\/\/batastal.pl\/de\/\",\"sameAs\":[],\"logo\":{\"@type\":\"ImageObject\",\"@id\":\"https:\/\/batastal.pl\/de\/#logo\",\"inLanguage\":\"de-DE\",\"url\":\"https:\/\/batastal.pl\/wp-content\/uploads\/2022\/06\/Logo-BataStal-Final.jpg\",\"width\":1200,\"height\":514,\"caption\":\"BataStal\"},\"image\":{\"@id\":\"https:\/\/batastal.pl\/de\/#logo\"}},{\"@type\":\"WebSite\",\"@id\":\"https:\/\/batastal.pl\/de\/#website\",\"url\":\"https:\/\/batastal.pl\/de\/\",\"name\":\"BataStal\",\"description\":\"Producent rozwi\\u0105za\\u0144 dla Logistyki, Ogrodnictwa, Rolnictwa\",\"publisher\":{\"@id\":\"https:\/\/batastal.pl\/de\/#organization\"},\"potentialAction\":[{\"@type\":\"SearchAction\",\"target\":\"https:\/\/batastal.pl\/de\/?s={search_term_string}\",\"query-input\":\"required name=search_term_string\"}],\"inLanguage\":\"de-DE\"},{\"@type\":\"WebPage\",\"@id\":\"https:\/\/batastal.pl\/rozwiazania-dla-firm\/#webpage\",\"url\":\"https:\/\/batastal.pl\/rozwiazania-dla-firm\/\",\"name\":\"Rozwi\\u0105zania dla firm - BataStal\",\"isPartOf\":{\"@id\":\"https:\/\/batastal.pl\/de\/#website\"},\"datePublished\":\"2021-10-30T12:32:47+00:00\",\"dateModified\":\"2022-03-05T11:15:43+00:00\",\"description\":\"Batastal - Producent rozwi\\u0105za\\u0144 dla Logistyki, Ogrodnictwa i Rolnictwa. Nasza firma zasta\\u0142a za\\u0142o\\u017cona na bazie pasji i szerokim do\\u015bwiadczeniu w bran\\u017cy konstrukcji metalowych. W sk\\u0142ad naszych us\\u0142ug wchodz\\u0105 takie procesy jak wiercenie, ci\\u0119cie, gi\\u0119cie, malowanie czy te\\u017c wiercenie.\",\"inLanguage\":\"de-DE\",\"potentialAction\":[{\"@type\":\"ReadAction\",\"target\":[\"https:\/\/batastal.pl\/rozwiazania-dla-firm\/\"]}]}]}<\/script>\n<!-- \/ Yoast SEO Premium plugin. -->","_links":{"self":[{"href":"https:\/\/batastal.pl\/de\/wp-json\/wp\/v2\/pages\/34"}],"collection":[{"href":"https:\/\/batastal.pl\/de\/wp-json\/wp\/v2\/pages"}],"about":[{"href":"https:\/\/batastal.pl\/de\/wp-json\/wp\/v2\/types\/page"}],"author":[{"embeddable":true,"href":"https:\/\/batastal.pl\/de\/wp-json\/wp\/v2\/users\/1"}],"replies":[{"embeddable":true,"href":"https:\/\/batastal.pl\/de\/wp-json\/wp\/v2\/comments?post=34"}],"version-history":[{"count":0,"href":"https:\/\/batastal.pl\/de\/wp-json\/wp\/v2\/pages\/34\/revisions"}],"wp:attachment":[{"href":"https:\/\/batastal.pl\/de\/wp-json\/wp\/v2\/media?parent=34"}],"wp:term":[{"taxonomy":"yst_prominent_words","embeddable":true,"href":"https:\/\/batastal.pl\/de\/wp-json\/wp\/v2\/yst_prominent_words?post=34"}],"curies":[{"name":"wp","href":"https:\/\/api.w.org\/{rel}","templated":true}]}}